{"id":4196,"date":"2026-01-14T17:31:00","date_gmt":"2026-01-14T17:31:00","guid":{"rendered":"https:\/\/myliusvara.lt\/uncategorized\/emsal-heavy-duty-floor-cleaner-with-ammonia-formula-1l\/"},"modified":"2026-02-23T13:26:38","modified_gmt":"2026-02-23T13:26:38","slug":"emsal-heavy-duty-floor-cleaner-with-ammonia-formula-1l","status":"publish","type":"product","link":"https:\/\/myliusvara.lt\/en\/floor-furniture-and-carpet-cleaners\/emsal-heavy-duty-floor-cleaner-with-ammonia-formula-1l\/","title":{"rendered":"Emsal &#8211; Sp\u0113c\u012bgs gr\u012bdu t\u012br\u012bt\u0101js ar AMONJAKA formulu 1L"},"content":{"rendered":"<p>No\u0146em net\u012brumus, sp\u012bduma un vaska k\u0101rtas. Piem\u0113rots fl\u012bz\u0113m, PVC, akmens gr\u012bd\u0101m un aizsarg\u0101tam parketam. Lieto\u0161ana: 2 v\u0101ci\u0146i 5 litros silta \u016bdens. Sp\u012bduma no\u0146em\u0161anai: lietot neat\u0161\u0137aid\u012btu, atst\u0101t 10 min., noskalot. Nav piem\u0113rots neaizsarg\u0101tam parketam. Pirms lieto\u0161anas jut\u012bg\u0101m virsm\u0101m \u2014 P\u0101rbaudiet neman\u0101m\u0101 viet\u0101. Sast\u0101vs: maz\u0101k nek\u0101 5% anjonisko virsmakt\u012bvo vielu, nejonisko virsmakt\u012bvo vielu. Ra\u017eots V\u0101cij\u0101.<\/p>\n","protected":false},"excerpt":{"rendered":"<p>No\u0146em net\u012brumus, sp\u012bduma un vaska k\u0101rtas. Piem\u0113rots fl\u012bz\u0113m, PVC, akmens gr\u012bd\u0101m un aizsarg\u0101tam parketam. Lieto\u0161ana: 2 v\u0101ci\u0146i 5 litros silta \u016bdens. Sp\u012bduma no\u0146em\u0161anai: lietot neat\u0161\u0137aid\u012btu, atst\u0101t 10 min., noskalot. Nav piem\u0113rots neaizsarg\u0101tam parketam. Pirms lieto\u0161anas jut\u012bg\u0101m virsm\u0101m \u2014 P\u0101rbaudiet neman\u0101m\u0101 viet\u0101. Sast\u0101vs: maz\u0101k nek\u0101 5% anjonisko virsmakt\u012bvo vielu, nejonisko virsmakt\u012bvo vielu. Ra\u017eots V\u0101cij\u0101.<\/p>\n","protected":false},"featured_media":3480,"comment_status":"open","ping_status":"closed","template":"","meta":[],"product_brand":[213],"product_cat":[172],"product_tag":[],"class_list":{"0":"post-4196","1":"product","2":"type-product","3":"status-publish","4":"has-post-thumbnail","6":"product_brand-emsal","7":"product_cat-floor-furniture-and-carpet-cleaners","9":"first","10":"instock","11":"shipping-taxable","12":"purchasable","13":"product-type-simple"},"_links":{"self":[{"href":"https:\/\/myliusvara.lt\/en\/wp-json\/wp\/v2\/product\/4196","targetHints":{"allow":["GET"]}}],"collection":[{"href":"https:\/\/myliusvara.lt\/en\/wp-json\/wp\/v2\/product"}],"about":[{"href":"https:\/\/myliusvara.lt\/en\/wp-json\/wp\/v2\/types\/product"}],"replies":[{"embeddable":true,"href":"https:\/\/myliusvara.lt\/en\/wp-json\/wp\/v2\/comments?post=4196"}],"wp:featuredmedia":[{"embeddable":true,"href":"https:\/\/myliusvara.lt\/en\/wp-json\/wp\/v2\/media\/3480"}],"wp:attachment":[{"href":"https:\/\/myliusvara.lt\/en\/wp-json\/wp\/v2\/media?parent=4196"}],"wp:term":[{"taxonomy":"product_brand","embeddable":true,"href":"https:\/\/myliusvara.lt\/en\/wp-json\/wp\/v2\/product_brand?post=4196"},{"taxonomy":"product_cat","embeddable":true,"href":"https:\/\/myliusvara.lt\/en\/wp-json\/wp\/v2\/product_cat?post=4196"},{"taxonomy":"product_tag","embeddable":true,"href":"https:\/\/myliusvara.lt\/en\/wp-json\/wp\/v2\/product_tag?post=4196"}],"curies":[{"name":"wp","href":"https:\/\/api.w.org\/{rel}","templated":true}]}}