{"id":4189,"date":"2026-02-20T07:55:29","date_gmt":"2026-02-20T07:55:29","guid":{"rendered":"https:\/\/myliusvara.lt\/uncategorized\/frosch-grease-remover-with-grapefruit-500ml\/"},"modified":"2026-02-23T13:26:15","modified_gmt":"2026-02-23T13:26:15","slug":"frosch-grease-remover-with-grapefruit-500ml","status":"publish","type":"product","link":"https:\/\/myliusvara.lt\/en\/kitchen-care-products\/frosch-grease-remover-with-grapefruit-500ml\/","title":{"rendered":"Frosch Tauku t\u012br\u012bt\u0101js ar Greipfr\u016btu 500ml"},"content":{"rendered":"<p>Sp\u0113c\u012bgi iedarbojo\u0161s tauku un net\u012brumu no\u0146em\u0161anas l\u012bdzeklis ar dab\u012bgu greipfr\u016bta ekstraktu. Sp\u0113c\u012bgi iedarbojo\u0161s l\u012bdzeklis ar dab\u012bgu greipfr\u016bta ekstraktu efekt\u012bvi no\u0146em taukus, stiprus net\u012brumus un iz\u017euvu\u0161os net\u012brumus no vis\u0101m mazg\u0101jam\u0101m virsm\u0101m. Lieliski piem\u0113rots cepe\u0161kr\u0101sns un grila t\u012br\u012b\u0161anai. No\u0146em ka\u013c\u0137akmens nogulsnes. Lieto\u0161ana: Uzsmidziniet uz virsmas, atst\u0101jiet iedarboties un noberziet. Ra\u017eots V\u0101cij\u0101.<\/p>\n","protected":false},"excerpt":{"rendered":"<p>Sp\u0113c\u012bgi iedarbojo\u0161s tauku un net\u012brumu no\u0146em\u0161anas l\u012bdzeklis ar dab\u012bgu greipfr\u016bta ekstraktu. Sp\u0113c\u012bgi iedarbojo\u0161s l\u012bdzeklis ar dab\u012bgu greipfr\u016bta ekstraktu efekt\u012bvi no\u0146em taukus, stiprus net\u012brumus un iz\u017euvu\u0161os net\u012brumus no vis\u0101m mazg\u0101jam\u0101m virsm\u0101m. Lieliski piem\u0113rots cepe\u0161kr\u0101sns un grila t\u012br\u012b\u0161anai. No\u0146em ka\u013c\u0137akmens nogulsnes. Lieto\u0161ana: Uzsmidziniet uz virsmas, atst\u0101jiet iedarboties un noberziet. Ra\u017eots V\u0101cij\u0101.<\/p>\n","protected":false},"featured_media":3924,"comment_status":"open","ping_status":"closed","template":"","meta":[],"product_brand":[63],"product_cat":[147,154],"product_tag":[],"class_list":{"0":"post-4189","1":"product","2":"type-product","3":"status-publish","4":"has-post-thumbnail","6":"product_brand-frosch","7":"product_cat-ecolabel-en","8":"product_cat-kitchen-care-products","10":"first","11":"instock","12":"shipping-taxable","13":"purchasable","14":"product-type-simple"},"_links":{"self":[{"href":"https:\/\/myliusvara.lt\/en\/wp-json\/wp\/v2\/product\/4189","targetHints":{"allow":["GET"]}}],"collection":[{"href":"https:\/\/myliusvara.lt\/en\/wp-json\/wp\/v2\/product"}],"about":[{"href":"https:\/\/myliusvara.lt\/en\/wp-json\/wp\/v2\/types\/product"}],"replies":[{"embeddable":true,"href":"https:\/\/myliusvara.lt\/en\/wp-json\/wp\/v2\/comments?post=4189"}],"wp:featuredmedia":[{"embeddable":true,"href":"https:\/\/myliusvara.lt\/en\/wp-json\/wp\/v2\/media\/3924"}],"wp:attachment":[{"href":"https:\/\/myliusvara.lt\/en\/wp-json\/wp\/v2\/media?parent=4189"}],"wp:term":[{"taxonomy":"product_brand","embeddable":true,"href":"https:\/\/myliusvara.lt\/en\/wp-json\/wp\/v2\/product_brand?post=4189"},{"taxonomy":"product_cat","embeddable":true,"href":"https:\/\/myliusvara.lt\/en\/wp-json\/wp\/v2\/product_cat?post=4189"},{"taxonomy":"product_tag","embeddable":true,"href":"https:\/\/myliusvara.lt\/en\/wp-json\/wp\/v2\/product_tag?post=4189"}],"curies":[{"name":"wp","href":"https:\/\/api.w.org\/{rel}","templated":true}]}}