{"id":4186,"date":"2026-02-20T07:55:30","date_gmt":"2026-02-20T07:55:30","guid":{"rendered":"https:\/\/myliusvara.lt\/uncategorized\/frosch-hygienic-cleaner-with-lavender-500ml\/"},"modified":"2026-02-23T13:26:14","modified_gmt":"2026-02-23T13:26:14","slug":"frosch-hygienic-cleaner-with-lavender-500ml","status":"publish","type":"product","link":"https:\/\/myliusvara.lt\/en\/bathroom-toilet-and-drain-cleaners\/frosch-hygienic-cleaner-with-lavender-500ml\/","title":{"rendered":"Frosch Higi\u0113niskais t\u012br\u012bt\u0101js ar Lavandu 500ml"},"content":{"rendered":"<p>Higi\u0113niskais vannas istabas un WC t\u012br\u012bt\u0101js ar lavandu nodro\u0161ina efekt\u012bvu un higi\u0113nisku vannas istabas un tualetes att\u012br\u012b\u0161anu. \u013boti sp\u0113c\u012bgi iedarbojo\u0161s prepar\u0101ts ar lavandas ekstraktu izn\u012bcina bakt\u0113riju barotni, turkl\u0101t nodro\u0161ina optim\u0101lu pies\u0101r\u0146ojuma uzkr\u0101jumu, ziepju atlikumu, \u016bdens plankumu un ka\u013c\u0137akmens no\u0146em\u0161anu. Lieto\u0161ana: Uzsmidziniet un noslaukiet. Ra\u017eots V\u0101cij\u0101.<\/p>\n","protected":false},"excerpt":{"rendered":"<p>Higi\u0113niskais vannas istabas un WC t\u012br\u012bt\u0101js ar lavandu nodro\u0161ina efekt\u012bvu un higi\u0113nisku vannas istabas un tualetes att\u012br\u012b\u0161anu. \u013boti sp\u0113c\u012bgi iedarbojo\u0161s prepar\u0101ts ar lavandas ekstraktu izn\u012bcina bakt\u0113riju barotni, turkl\u0101t nodro\u0161ina optim\u0101lu pies\u0101r\u0146ojuma uzkr\u0101jumu, ziepju atlikumu, \u016bdens plankumu un ka\u013c\u0137akmens no\u0146em\u0161anu. Lieto\u0161ana: Uzsmidziniet un noslaukiet. Ra\u017eots V\u0101cij\u0101.<\/p>\n","protected":false},"featured_media":4139,"comment_status":"open","ping_status":"closed","template":"","meta":[],"product_brand":[63],"product_cat":[153,147],"product_tag":[],"class_list":{"0":"post-4186","1":"product","2":"type-product","3":"status-publish","4":"has-post-thumbnail","6":"product_brand-frosch","7":"product_cat-bathroom-toilet-and-drain-cleaners","8":"product_cat-ecolabel-en","10":"first","11":"instock","12":"shipping-taxable","13":"purchasable","14":"product-type-simple"},"_links":{"self":[{"href":"https:\/\/myliusvara.lt\/en\/wp-json\/wp\/v2\/product\/4186","targetHints":{"allow":["GET"]}}],"collection":[{"href":"https:\/\/myliusvara.lt\/en\/wp-json\/wp\/v2\/product"}],"about":[{"href":"https:\/\/myliusvara.lt\/en\/wp-json\/wp\/v2\/types\/product"}],"replies":[{"embeddable":true,"href":"https:\/\/myliusvara.lt\/en\/wp-json\/wp\/v2\/comments?post=4186"}],"wp:featuredmedia":[{"embeddable":true,"href":"https:\/\/myliusvara.lt\/en\/wp-json\/wp\/v2\/media\/4139"}],"wp:attachment":[{"href":"https:\/\/myliusvara.lt\/en\/wp-json\/wp\/v2\/media?parent=4186"}],"wp:term":[{"taxonomy":"product_brand","embeddable":true,"href":"https:\/\/myliusvara.lt\/en\/wp-json\/wp\/v2\/product_brand?post=4186"},{"taxonomy":"product_cat","embeddable":true,"href":"https:\/\/myliusvara.lt\/en\/wp-json\/wp\/v2\/product_cat?post=4186"},{"taxonomy":"product_tag","embeddable":true,"href":"https:\/\/myliusvara.lt\/en\/wp-json\/wp\/v2\/product_tag?post=4186"}],"curies":[{"name":"wp","href":"https:\/\/api.w.org\/{rel}","templated":true}]}}