{"id":4185,"date":"2026-02-20T07:55:30","date_gmt":"2026-02-20T07:55:30","guid":{"rendered":"https:\/\/myliusvara.lt\/uncategorized\/frosch-bath-and-shower-cleaner-with-lemon-500ml\/"},"modified":"2026-02-23T13:26:13","modified_gmt":"2026-02-23T13:26:13","slug":"frosch-bath-and-shower-cleaner-with-lemon-500ml","status":"publish","type":"product","link":"https:\/\/myliusvara.lt\/en\/bathroom-toilet-and-drain-cleaners\/frosch-bath-and-shower-cleaner-with-lemon-500ml\/","title":{"rendered":"Frosch Vannas un du\u0161as t\u012br\u012bt\u0101js ar Citronu 500ml"},"content":{"rendered":"<p>No\u0146em ka\u013c\u0137akmens nogulsnes, net\u012brumus, \u016bdens nogulsnes un ziepju atlikumus gan vann\u0101, gan cit\u0101s telp\u0101s, du\u0161\u0101s. \u0160aj\u0101 t\u012br\u012bt\u0101j\u0101 apvienojas sp\u0113c\u012bga t\u012br\u012b\u0161anas jauda un dab\u012bgas vides aizsardz\u012bbai nekait\u012bgas vielas. Lieto\u0161ana: Pagrieziet smidzin\u0101t\u0101ja uzgali t\u0101, lai aug\u0161pus\u0113 b\u016btu simbols &#8220;Spray (smidzin\u0101t)&#8221;. Uzsmidziniet uz virsmas un noberziet. Ra\u017eots V\u0101cij\u0101.<\/p>\n","protected":false},"excerpt":{"rendered":"<p>No\u0146em ka\u013c\u0137akmens nogulsnes, net\u012brumus, \u016bdens nogulsnes un ziepju atlikumus gan vann\u0101, gan cit\u0101s telp\u0101s, du\u0161\u0101s. \u0160aj\u0101 t\u012br\u012bt\u0101j\u0101 apvienojas sp\u0113c\u012bga t\u012br\u012b\u0161anas jauda un dab\u012bgas vides aizsardz\u012bbai nekait\u012bgas vielas. Lieto\u0161ana: Pagrieziet smidzin\u0101t\u0101ja uzgali t\u0101, lai aug\u0161pus\u0113 b\u016btu simbols &#8220;Spray (smidzin\u0101t)&#8221;. Uzsmidziniet uz virsmas un noberziet. Ra\u017eots V\u0101cij\u0101.<\/p>\n","protected":false},"featured_media":3930,"comment_status":"open","ping_status":"closed","template":"","meta":[],"product_brand":[63],"product_cat":[153,147],"product_tag":[],"class_list":{"0":"post-4185","1":"product","2":"type-product","3":"status-publish","4":"has-post-thumbnail","6":"product_brand-frosch","7":"product_cat-bathroom-toilet-and-drain-cleaners","8":"product_cat-ecolabel-en","10":"first","11":"instock","12":"shipping-taxable","13":"purchasable","14":"product-type-simple"},"_links":{"self":[{"href":"https:\/\/myliusvara.lt\/en\/wp-json\/wp\/v2\/product\/4185","targetHints":{"allow":["GET"]}}],"collection":[{"href":"https:\/\/myliusvara.lt\/en\/wp-json\/wp\/v2\/product"}],"about":[{"href":"https:\/\/myliusvara.lt\/en\/wp-json\/wp\/v2\/types\/product"}],"replies":[{"embeddable":true,"href":"https:\/\/myliusvara.lt\/en\/wp-json\/wp\/v2\/comments?post=4185"}],"wp:featuredmedia":[{"embeddable":true,"href":"https:\/\/myliusvara.lt\/en\/wp-json\/wp\/v2\/media\/3930"}],"wp:attachment":[{"href":"https:\/\/myliusvara.lt\/en\/wp-json\/wp\/v2\/media?parent=4185"}],"wp:term":[{"taxonomy":"product_brand","embeddable":true,"href":"https:\/\/myliusvara.lt\/en\/wp-json\/wp\/v2\/product_brand?post=4185"},{"taxonomy":"product_cat","embeddable":true,"href":"https:\/\/myliusvara.lt\/en\/wp-json\/wp\/v2\/product_cat?post=4185"},{"taxonomy":"product_tag","embeddable":true,"href":"https:\/\/myliusvara.lt\/en\/wp-json\/wp\/v2\/product_tag?post=4185"}],"curies":[{"name":"wp","href":"https:\/\/api.w.org\/{rel}","templated":true}]}}