{"id":4182,"date":"2026-02-20T07:55:31","date_gmt":"2026-02-20T07:55:31","guid":{"rendered":"https:\/\/myliusvara.lt\/uncategorized\/frosch-dish-washing-balm-with-lemon-500ml\/"},"modified":"2026-02-23T13:26:12","modified_gmt":"2026-02-23T13:26:12","slug":"frosch-dish-washing-balm-with-lemon-500ml","status":"publish","type":"product","link":"https:\/\/myliusvara.lt\/en\/dish-and-dishwasher-cleaners\/frosch-dish-washing-balm-with-lemon-500ml\/","title":{"rendered":"Frosch Trauku mazg\u0101\u0161anas balzams ar Citronu 500ml"},"content":{"rendered":"<p>Mazg\u0101 traukus nevainojami t\u012brus. Jaud\u012bga formula ar citronu ekstraktu efekt\u012bvi no\u0146em taukus un net\u012brumus. Trauku mazg\u0101\u0161anas l\u012bdzeklis ir ar neitr\u0101lu pH, un t\u0101 lieliska \u0101das sader\u012bba ir dermato\u0123iski apstiprin\u0101ta. Lieto\u0161ana: ieteicam\u0101 deva 5 litriem mazg\u0101\u0161anas \u016bdens \u2014 viegli net\u012briem traukiem: neliels daudzums, stipri net\u012briem: liel\u0101ka deva. Ra\u017eots V\u0101cij\u0101.<\/p>\n","protected":false},"excerpt":{"rendered":"<p>Mazg\u0101 traukus nevainojami t\u012brus. Jaud\u012bga formula ar citronu ekstraktu efekt\u012bvi no\u0146em taukus un net\u012brumus. Trauku mazg\u0101\u0161anas l\u012bdzeklis ir ar neitr\u0101lu pH, un t\u0101 lieliska \u0101das sader\u012bba ir dermato\u0123iski apstiprin\u0101ta. Lieto\u0161ana: ieteicam\u0101 deva 5 litriem mazg\u0101\u0161anas \u016bdens \u2014 viegli net\u012briem traukiem: neliels daudzums, stipri net\u012briem: liel\u0101ka deva. Ra\u017eots V\u0101cij\u0101.<\/p>\n","protected":false},"featured_media":3948,"comment_status":"open","ping_status":"closed","template":"","meta":[],"product_brand":[63],"product_cat":[168,147],"product_tag":[],"class_list":{"0":"post-4182","1":"product","2":"type-product","3":"status-publish","4":"has-post-thumbnail","6":"product_brand-frosch","7":"product_cat-dish-and-dishwasher-cleaners","8":"product_cat-ecolabel-en","10":"first","11":"instock","12":"shipping-taxable","13":"purchasable","14":"product-type-simple"},"_links":{"self":[{"href":"https:\/\/myliusvara.lt\/en\/wp-json\/wp\/v2\/product\/4182","targetHints":{"allow":["GET"]}}],"collection":[{"href":"https:\/\/myliusvara.lt\/en\/wp-json\/wp\/v2\/product"}],"about":[{"href":"https:\/\/myliusvara.lt\/en\/wp-json\/wp\/v2\/types\/product"}],"replies":[{"embeddable":true,"href":"https:\/\/myliusvara.lt\/en\/wp-json\/wp\/v2\/comments?post=4182"}],"wp:featuredmedia":[{"embeddable":true,"href":"https:\/\/myliusvara.lt\/en\/wp-json\/wp\/v2\/media\/3948"}],"wp:attachment":[{"href":"https:\/\/myliusvara.lt\/en\/wp-json\/wp\/v2\/media?parent=4182"}],"wp:term":[{"taxonomy":"product_brand","embeddable":true,"href":"https:\/\/myliusvara.lt\/en\/wp-json\/wp\/v2\/product_brand?post=4182"},{"taxonomy":"product_cat","embeddable":true,"href":"https:\/\/myliusvara.lt\/en\/wp-json\/wp\/v2\/product_cat?post=4182"},{"taxonomy":"product_tag","embeddable":true,"href":"https:\/\/myliusvara.lt\/en\/wp-json\/wp\/v2\/product_tag?post=4182"}],"curies":[{"name":"wp","href":"https:\/\/api.w.org\/{rel}","templated":true}]}}