{"id":4181,"date":"2026-02-20T07:55:31","date_gmt":"2026-02-20T07:55:31","guid":{"rendered":"https:\/\/myliusvara.lt\/uncategorized\/frosch-glass-ceramic-cleaner-with-lemon-300ml\/"},"modified":"2026-02-23T13:26:12","modified_gmt":"2026-02-23T13:26:12","slug":"frosch-glass-ceramic-cleaner-with-lemon-300ml","status":"publish","type":"product","link":"https:\/\/myliusvara.lt\/en\/kitchen-care-products\/frosch-glass-ceramic-cleaner-with-lemon-300ml\/","title":{"rendered":"Frosch Stikla keramikas t\u012br\u012bt\u0101js ar Citronu 300ml"},"content":{"rendered":"<p>Efekt\u012bvi no\u0146em visu veidu net\u012brumus no indukcijas pl\u012bts un stikla keramikas pl\u012bts virsm\u0101m. Jaud\u012bga formula ar citronu nodro\u0161ina efekt\u012bvu t\u012br\u012b\u0161anu un atst\u0101j svaigu citronu smar\u017eu. Lieto\u0161ana: pagrieziet smidzin\u0101t\u0101ja uzgali, lai atv\u0113rtu. Pab\u012bdiet sietu, lai iesl\u0113gtu smidzin\u0101\u0161anas funkciju. Smidziniet uz virsmas un noberziet ar mitru dr\u0101ni\u0146u. Ra\u017eots V\u0101cij\u0101.<\/p>\n","protected":false},"excerpt":{"rendered":"<p>Efekt\u012bvi no\u0146em visu veidu net\u012brumus no indukcijas pl\u012bts un stikla keramikas pl\u012bts virsm\u0101m. Jaud\u012bga formula ar citronu nodro\u0161ina efekt\u012bvu t\u012br\u012b\u0161anu un atst\u0101j svaigu citronu smar\u017eu. Lieto\u0161ana: pagrieziet smidzin\u0101t\u0101ja uzgali, lai atv\u0113rtu. Pab\u012bdiet sietu, lai iesl\u0113gtu smidzin\u0101\u0161anas funkciju. Smidziniet uz virsmas un noberziet ar mitru dr\u0101ni\u0146u. Ra\u017eots V\u0101cij\u0101.<\/p>\n","protected":false},"featured_media":3945,"comment_status":"open","ping_status":"closed","template":"","meta":[],"product_brand":[63],"product_cat":[154],"product_tag":[],"class_list":{"0":"post-4181","1":"product","2":"type-product","3":"status-publish","4":"has-post-thumbnail","6":"product_brand-frosch","7":"product_cat-kitchen-care-products","9":"first","10":"instock","11":"shipping-taxable","12":"purchasable","13":"product-type-simple"},"_links":{"self":[{"href":"https:\/\/myliusvara.lt\/en\/wp-json\/wp\/v2\/product\/4181","targetHints":{"allow":["GET"]}}],"collection":[{"href":"https:\/\/myliusvara.lt\/en\/wp-json\/wp\/v2\/product"}],"about":[{"href":"https:\/\/myliusvara.lt\/en\/wp-json\/wp\/v2\/types\/product"}],"replies":[{"embeddable":true,"href":"https:\/\/myliusvara.lt\/en\/wp-json\/wp\/v2\/comments?post=4181"}],"wp:featuredmedia":[{"embeddable":true,"href":"https:\/\/myliusvara.lt\/en\/wp-json\/wp\/v2\/media\/3945"}],"wp:attachment":[{"href":"https:\/\/myliusvara.lt\/en\/wp-json\/wp\/v2\/media?parent=4181"}],"wp:term":[{"taxonomy":"product_brand","embeddable":true,"href":"https:\/\/myliusvara.lt\/en\/wp-json\/wp\/v2\/product_brand?post=4181"},{"taxonomy":"product_cat","embeddable":true,"href":"https:\/\/myliusvara.lt\/en\/wp-json\/wp\/v2\/product_cat?post=4181"},{"taxonomy":"product_tag","embeddable":true,"href":"https:\/\/myliusvara.lt\/en\/wp-json\/wp\/v2\/product_tag?post=4181"}],"curies":[{"name":"wp","href":"https:\/\/api.w.org\/{rel}","templated":true}]}}