{"id":4177,"date":"2026-02-20T07:55:32","date_gmt":"2026-02-20T07:55:32","guid":{"rendered":"https:\/\/myliusvara.lt\/uncategorized\/frosch-dish-washing-gel-with-raspberry-500ml\/"},"modified":"2026-02-23T13:26:11","modified_gmt":"2026-02-23T13:26:11","slug":"frosch-dish-washing-gel-with-raspberry-500ml","status":"publish","type":"product","link":"https:\/\/myliusvara.lt\/en\/dish-and-dishwasher-cleaners\/frosch-dish-washing-gel-with-raspberry-500ml\/","title":{"rendered":"Frosch Trauku mazg\u0101\u0161anas \u017eeleja ar Aven\u0113m 500ml"},"content":{"rendered":"<p>Mazg\u0101 traukus, katlus un pannas nevainojami t\u012brus. Jaud\u012bga formula ar ave\u0146u eti\u0137i no\u0146em taukus un iesak\u0146oju\u0161os piedegu\u0161o p\u0101rtikas atlikumus, \u012bpa\u0161i no cepe\u0161podiem. Trauku mazg\u0101\u0161anas l\u012bdzeklis ir ar neitr\u0101lu pH un dermato\u0123iski test\u0113ts \u0101das sader\u012bbai. Lieto\u0161ana: ieteicam\u0101 deva 5 litriem mazg\u0101\u0161anas \u016bdens. Ra\u017eots V\u0101cij\u0101.<\/p>\n","protected":false},"excerpt":{"rendered":"<p>Mazg\u0101 traukus, katlus un pannas nevainojami t\u012brus. Jaud\u012bga formula ar ave\u0146u eti\u0137i no\u0146em taukus un iesak\u0146oju\u0161os piedegu\u0161o p\u0101rtikas atlikumus, \u012bpa\u0161i no cepe\u0161podiem. Trauku mazg\u0101\u0161anas l\u012bdzeklis ir ar neitr\u0101lu pH un dermato\u0123iski test\u0113ts \u0101das sader\u012bbai. Lieto\u0161ana: ieteicam\u0101 deva 5 litriem mazg\u0101\u0161anas \u016bdens. Ra\u017eots V\u0101cij\u0101.<\/p>\n","protected":false},"featured_media":3960,"comment_status":"open","ping_status":"closed","template":"","meta":[],"product_brand":[63],"product_cat":[168,147],"product_tag":[],"class_list":{"0":"post-4177","1":"product","2":"type-product","3":"status-publish","4":"has-post-thumbnail","6":"product_brand-frosch","7":"product_cat-dish-and-dishwasher-cleaners","8":"product_cat-ecolabel-en","10":"first","11":"instock","12":"shipping-taxable","13":"purchasable","14":"product-type-simple"},"_links":{"self":[{"href":"https:\/\/myliusvara.lt\/en\/wp-json\/wp\/v2\/product\/4177","targetHints":{"allow":["GET"]}}],"collection":[{"href":"https:\/\/myliusvara.lt\/en\/wp-json\/wp\/v2\/product"}],"about":[{"href":"https:\/\/myliusvara.lt\/en\/wp-json\/wp\/v2\/types\/product"}],"replies":[{"embeddable":true,"href":"https:\/\/myliusvara.lt\/en\/wp-json\/wp\/v2\/comments?post=4177"}],"wp:featuredmedia":[{"embeddable":true,"href":"https:\/\/myliusvara.lt\/en\/wp-json\/wp\/v2\/media\/3960"}],"wp:attachment":[{"href":"https:\/\/myliusvara.lt\/en\/wp-json\/wp\/v2\/media?parent=4177"}],"wp:term":[{"taxonomy":"product_brand","embeddable":true,"href":"https:\/\/myliusvara.lt\/en\/wp-json\/wp\/v2\/product_brand?post=4177"},{"taxonomy":"product_cat","embeddable":true,"href":"https:\/\/myliusvara.lt\/en\/wp-json\/wp\/v2\/product_cat?post=4177"},{"taxonomy":"product_tag","embeddable":true,"href":"https:\/\/myliusvara.lt\/en\/wp-json\/wp\/v2\/product_tag?post=4177"}],"curies":[{"name":"wp","href":"https:\/\/api.w.org\/{rel}","templated":true}]}}