{"id":4176,"date":"2026-02-20T07:55:32","date_gmt":"2026-02-20T07:55:32","guid":{"rendered":"https:\/\/myliusvara.lt\/uncategorized\/frosch-dish-washing-liquid-with-soda-500ml\/"},"modified":"2026-02-23T13:26:11","modified_gmt":"2026-02-23T13:26:11","slug":"frosch-dish-washing-liquid-with-soda-500ml","status":"publish","type":"product","link":"https:\/\/myliusvara.lt\/en\/dish-and-dishwasher-cleaners\/frosch-dish-washing-liquid-with-soda-500ml\/","title":{"rendered":"Frosch Trauku mazg\u0101\u0161anas l\u012bdzeklis ar Sodu 500ml"},"content":{"rendered":"<p>Ar Frosch sodas trauku mazg\u0101\u0161anas l\u012bdzekli j\u016bs lieliski l\u012bdz sp\u012bdumam nomazg\u0101siet katlas un pannas. \u012apa\u0161i piem\u0113rots iesak\u0146oju\u0161os pies\u0101r\u0146ojumu no\u0146em\u0161anai. Darb\u012bbas veids: sast\u0101v\u0101 eso\u0161\u0101 koncentr\u0113t\u0101, taukus labi no\u0146emo\u0161\u0101 akt\u012bv\u0101 viela soda dabiski no\u0146em pat iesak\u0146oju\u0161os un apdegu\u0161a taukus. Ra\u017eots V\u0101cij\u0101.<\/p>\n","protected":false},"excerpt":{"rendered":"<p>Ar Frosch sodas trauku mazg\u0101\u0161anas l\u012bdzekli j\u016bs lieliski l\u012bdz sp\u012bdumam nomazg\u0101siet katlas un pannas. \u012apa\u0161i piem\u0113rots iesak\u0146oju\u0161os pies\u0101r\u0146ojumu no\u0146em\u0161anai. Darb\u012bbas veids: sast\u0101v\u0101 eso\u0161\u0101 koncentr\u0113t\u0101, taukus labi no\u0146emo\u0161\u0101 akt\u012bv\u0101 viela soda dabiski no\u0146em pat iesak\u0146oju\u0161os un apdegu\u0161a taukus. Ra\u017eots V\u0101cij\u0101.<\/p>\n","protected":false},"featured_media":3957,"comment_status":"open","ping_status":"closed","template":"","meta":[],"product_brand":[63],"product_cat":[168,147],"product_tag":[],"class_list":{"0":"post-4176","1":"product","2":"type-product","3":"status-publish","4":"has-post-thumbnail","6":"product_brand-frosch","7":"product_cat-dish-and-dishwasher-cleaners","8":"product_cat-ecolabel-en","10":"first","11":"instock","12":"shipping-taxable","13":"purchasable","14":"product-type-simple"},"_links":{"self":[{"href":"https:\/\/myliusvara.lt\/en\/wp-json\/wp\/v2\/product\/4176","targetHints":{"allow":["GET"]}}],"collection":[{"href":"https:\/\/myliusvara.lt\/en\/wp-json\/wp\/v2\/product"}],"about":[{"href":"https:\/\/myliusvara.lt\/en\/wp-json\/wp\/v2\/types\/product"}],"replies":[{"embeddable":true,"href":"https:\/\/myliusvara.lt\/en\/wp-json\/wp\/v2\/comments?post=4176"}],"wp:featuredmedia":[{"embeddable":true,"href":"https:\/\/myliusvara.lt\/en\/wp-json\/wp\/v2\/media\/3957"}],"wp:attachment":[{"href":"https:\/\/myliusvara.lt\/en\/wp-json\/wp\/v2\/media?parent=4176"}],"wp:term":[{"taxonomy":"product_brand","embeddable":true,"href":"https:\/\/myliusvara.lt\/en\/wp-json\/wp\/v2\/product_brand?post=4176"},{"taxonomy":"product_cat","embeddable":true,"href":"https:\/\/myliusvara.lt\/en\/wp-json\/wp\/v2\/product_cat?post=4176"},{"taxonomy":"product_tag","embeddable":true,"href":"https:\/\/myliusvara.lt\/en\/wp-json\/wp\/v2\/product_tag?post=4176"}],"curies":[{"name":"wp","href":"https:\/\/api.w.org\/{rel}","templated":true}]}}