{"id":4170,"date":"2026-02-20T07:55:41","date_gmt":"2026-02-20T07:55:41","guid":{"rendered":"https:\/\/myliusvara.lt\/uncategorized\/frosch-shower-gel-for-sensitive-skin-with-pomegranate-300ml\/"},"modified":"2026-02-23T13:26:04","modified_gmt":"2026-02-23T13:26:04","slug":"frosch-shower-gel-for-sensitive-skin-with-pomegranate-300ml","status":"publish","type":"product","link":"https:\/\/myliusvara.lt\/en\/liquid-soaps-and-shower-gels\/frosch-shower-gel-for-sensitive-skin-with-pomegranate-300ml\/","title":{"rendered":"Frosch Du\u0161as \u017eeleja jut\u012bgai \u0101dai ar Gran\u0101t\u0101bolu 300ml"},"content":{"rendered":"<p>Maiga, \u0101dai neitr\u0101la pH 5,5 formula ar gran\u0101t\u0101bolu ekstraktu att\u012bra un kopj \u0101du. Atst\u0101j pat\u012bkamu, atsvaidzino\u0161u saj\u016btu. \u012apa\u0161i maigaj\u0101 formul\u0101 nav kr\u0101svielu, EDTA, parab\u0113nu, dz\u012bvnieku izcelsmes vielu vai mikroplastmasas. Lieto\u0161ana: Uzkl\u0101jiet du\u0161as \u017eeleju, ier\u012bv\u0113jiet \u0101d\u0101 un noskalojiet ar t\u012bru \u016bdeni. Ingredients: Aqua, Sodium Laureth Sulfate, Sodium Chloride, Glycerin, Cocamidopropyl Betaine, Coco-Glucoside, Punica Granatum Fruit Extract, Citric Acid, Sodium Benzoate, Parfum, CI 17200.<\/p>\n","protected":false},"excerpt":{"rendered":"<p>Maiga, \u0101dai neitr\u0101la pH 5,5 formula ar gran\u0101t\u0101bolu ekstraktu att\u012bra un kopj \u0101du. Atst\u0101j pat\u012bkamu, atsvaidzino\u0161u saj\u016btu. \u012apa\u0161i maigaj\u0101 formul\u0101 nav kr\u0101svielu, EDTA, parab\u0113nu, dz\u012bvnieku izcelsmes vielu vai mikroplastmasas. Lieto\u0161ana: Uzkl\u0101jiet du\u0161as \u017eeleju, ier\u012bv\u0113jiet \u0101d\u0101 un noskalojiet ar t\u012bru \u016bdeni. Ingredients: Aqua, Sodium Laureth Sulfate, Sodium Chloride, Glycerin, Cocamidopropyl Betaine, Coco-Glucoside, Punica Granatum Fruit Extract,<\/p>\n<div class=\"klb-readmore\"><a class=\"c-btn\" href=\"https:\/\/myliusvara.lt\/en\/liquid-soaps-and-shower-gels\/frosch-shower-gel-for-sensitive-skin-with-pomegranate-300ml\/\">Read More <i class=\"far fa-plus\"><\/i><\/a><\/div>\n","protected":false},"featured_media":4127,"comment_status":"open","ping_status":"closed","template":"","meta":[],"product_brand":[63],"product_cat":[181],"product_tag":[],"class_list":{"0":"post-4170","1":"product","2":"type-product","3":"status-publish","4":"has-post-thumbnail","6":"product_brand-frosch","7":"product_cat-liquid-soaps-and-shower-gels","9":"first","10":"instock","11":"shipping-taxable","12":"purchasable","13":"product-type-simple"},"_links":{"self":[{"href":"https:\/\/myliusvara.lt\/en\/wp-json\/wp\/v2\/product\/4170","targetHints":{"allow":["GET"]}}],"collection":[{"href":"https:\/\/myliusvara.lt\/en\/wp-json\/wp\/v2\/product"}],"about":[{"href":"https:\/\/myliusvara.lt\/en\/wp-json\/wp\/v2\/types\/product"}],"replies":[{"embeddable":true,"href":"https:\/\/myliusvara.lt\/en\/wp-json\/wp\/v2\/comments?post=4170"}],"wp:featuredmedia":[{"embeddable":true,"href":"https:\/\/myliusvara.lt\/en\/wp-json\/wp\/v2\/media\/4127"}],"wp:attachment":[{"href":"https:\/\/myliusvara.lt\/en\/wp-json\/wp\/v2\/media?parent=4170"}],"wp:term":[{"taxonomy":"product_brand","embeddable":true,"href":"https:\/\/myliusvara.lt\/en\/wp-json\/wp\/v2\/product_brand?post=4170"},{"taxonomy":"product_cat","embeddable":true,"href":"https:\/\/myliusvara.lt\/en\/wp-json\/wp\/v2\/product_cat?post=4170"},{"taxonomy":"product_tag","embeddable":true,"href":"https:\/\/myliusvara.lt\/en\/wp-json\/wp\/v2\/product_tag?post=4170"}],"curies":[{"name":"wp","href":"https:\/\/api.w.org\/{rel}","templated":true}]}}