{"id":4165,"date":"2026-02-20T07:55:35","date_gmt":"2026-02-20T07:55:35","guid":{"rendered":"https:\/\/myliusvara.lt\/uncategorized\/frosch-fabric-softener-aloe-vera-750ml\/"},"modified":"2026-02-23T13:26:08","modified_gmt":"2026-02-23T13:26:08","slug":"frosch-fabric-softener-aloe-vera-750ml","status":"publish","type":"product","link":"https:\/\/myliusvara.lt\/en\/laundry-and-rinsing-products\/frosch-fabric-softener-aloe-vera-750ml\/","title":{"rendered":"Frosch Audumu m\u012bkstin\u0101t\u0101js Aloe Vera 750ml"},"content":{"rendered":"<p>Ar maigu smar\u017eu, labi kopjot ve\u013cu. Nav piem\u0113rots vilnai, z\u012bdam un mikro\u0161\u0137iedrai. Formula ar alv\u0113ju, kas paz\u012bstama ar mitrin\u0101\u0161anas \u012bpa\u0161\u012bb\u0101m, maigi kopj ve\u013cu un pie\u0161\u0137ir \u0101dai samta maiguma saj\u016btu. Aler\u0123ijas risku samazina pareizi atlas\u012btas smar\u017evielas. Bez kr\u0101sviel\u0101m un bez konservantiem. Dermato\u0123iski test\u0113ts. Ra\u017eots V\u0101cij\u0101.<\/p>\n","protected":false},"excerpt":{"rendered":"<p>Ar maigu smar\u017eu, labi kopjot ve\u013cu. Nav piem\u0113rots vilnai, z\u012bdam un mikro\u0161\u0137iedrai. Formula ar alv\u0113ju, kas paz\u012bstama ar mitrin\u0101\u0161anas \u012bpa\u0161\u012bb\u0101m, maigi kopj ve\u013cu un pie\u0161\u0137ir \u0101dai samta maiguma saj\u016btu. Aler\u0123ijas risku samazina pareizi atlas\u012btas smar\u017evielas. Bez kr\u0101sviel\u0101m un bez konservantiem. Dermato\u0123iski test\u0113ts. Ra\u017eots V\u0101cij\u0101.<\/p>\n","protected":false},"featured_media":4011,"comment_status":"open","ping_status":"closed","template":"","meta":[],"product_brand":[63],"product_cat":[144],"product_tag":[],"class_list":{"0":"post-4165","1":"product","2":"type-product","3":"status-publish","4":"has-post-thumbnail","6":"product_brand-frosch","7":"product_cat-laundry-and-rinsing-products","9":"first","10":"instock","11":"shipping-taxable","12":"purchasable","13":"product-type-simple"},"_links":{"self":[{"href":"https:\/\/myliusvara.lt\/en\/wp-json\/wp\/v2\/product\/4165","targetHints":{"allow":["GET"]}}],"collection":[{"href":"https:\/\/myliusvara.lt\/en\/wp-json\/wp\/v2\/product"}],"about":[{"href":"https:\/\/myliusvara.lt\/en\/wp-json\/wp\/v2\/types\/product"}],"replies":[{"embeddable":true,"href":"https:\/\/myliusvara.lt\/en\/wp-json\/wp\/v2\/comments?post=4165"}],"wp:featuredmedia":[{"embeddable":true,"href":"https:\/\/myliusvara.lt\/en\/wp-json\/wp\/v2\/media\/4011"}],"wp:attachment":[{"href":"https:\/\/myliusvara.lt\/en\/wp-json\/wp\/v2\/media?parent=4165"}],"wp:term":[{"taxonomy":"product_brand","embeddable":true,"href":"https:\/\/myliusvara.lt\/en\/wp-json\/wp\/v2\/product_brand?post=4165"},{"taxonomy":"product_cat","embeddable":true,"href":"https:\/\/myliusvara.lt\/en\/wp-json\/wp\/v2\/product_cat?post=4165"},{"taxonomy":"product_tag","embeddable":true,"href":"https:\/\/myliusvara.lt\/en\/wp-json\/wp\/v2\/product_tag?post=4165"}],"curies":[{"name":"wp","href":"https:\/\/api.w.org\/{rel}","templated":true}]}}