{"id":4156,"date":"2026-02-20T07:55:36","date_gmt":"2026-02-20T07:55:36","guid":{"rendered":"https:\/\/myliusvara.lt\/uncategorized\/frosch-fabric-softener-cotton-flowers-1l\/"},"modified":"2026-02-23T13:26:07","modified_gmt":"2026-02-23T13:26:07","slug":"frosch-fabric-softener-cotton-flowers-1l","status":"publish","type":"product","link":"https:\/\/myliusvara.lt\/en\/laundry-and-rinsing-products\/frosch-fabric-softener-cotton-flowers-1l\/","title":{"rendered":"Frosch Audumu m\u012bkstin\u0101t\u0101js Kokvilnas Ziedi 1l"},"content":{"rendered":"<p>Augu izcelsmes formula ar kokvilnas ziedu ekstraktiem maigi izl\u012bdzina \u0161\u0137iedras un pie\u0161\u0137ir audumiem pat\u012bkamu maigumu. \u0100dai draudz\u012bga formula ar r\u016bp\u012bgi atlas\u012btiem smar\u017eviel\u0101m ir bez konservantiem, dermato\u0123iski test\u0113ta, hipoaler\u0123iska un veg\u0101niska. Lieto\u0161ana: ielieciet m\u012bkstin\u0101t\u0101ju mazg\u0101\u0161anas ma\u0161\u012bnas skalo\u0161anas nodal\u012bjum\u0101. Ra\u017eots V\u0101cij\u0101.<\/p>\n","protected":false},"excerpt":{"rendered":"<p>Augu izcelsmes formula ar kokvilnas ziedu ekstraktiem maigi izl\u012bdzina \u0161\u0137iedras un pie\u0161\u0137ir audumiem pat\u012bkamu maigumu. \u0100dai draudz\u012bga formula ar r\u016bp\u012bgi atlas\u012btiem smar\u017eviel\u0101m ir bez konservantiem, dermato\u0123iski test\u0113ta, hipoaler\u0123iska un veg\u0101niska. Lieto\u0161ana: ielieciet m\u012bkstin\u0101t\u0101ju mazg\u0101\u0161anas ma\u0161\u012bnas skalo\u0161anas nodal\u012bjum\u0101. Ra\u017eots V\u0101cij\u0101.<\/p>\n","protected":false},"featured_media":4014,"comment_status":"open","ping_status":"closed","template":"","meta":[],"product_brand":[63],"product_cat":[144],"product_tag":[],"class_list":{"0":"post-4156","1":"product","2":"type-product","3":"status-publish","4":"has-post-thumbnail","6":"product_brand-frosch","7":"product_cat-laundry-and-rinsing-products","9":"first","10":"instock","11":"shipping-taxable","12":"purchasable","13":"product-type-simple"},"_links":{"self":[{"href":"https:\/\/myliusvara.lt\/en\/wp-json\/wp\/v2\/product\/4156","targetHints":{"allow":["GET"]}}],"collection":[{"href":"https:\/\/myliusvara.lt\/en\/wp-json\/wp\/v2\/product"}],"about":[{"href":"https:\/\/myliusvara.lt\/en\/wp-json\/wp\/v2\/types\/product"}],"replies":[{"embeddable":true,"href":"https:\/\/myliusvara.lt\/en\/wp-json\/wp\/v2\/comments?post=4156"}],"wp:featuredmedia":[{"embeddable":true,"href":"https:\/\/myliusvara.lt\/en\/wp-json\/wp\/v2\/media\/4014"}],"wp:attachment":[{"href":"https:\/\/myliusvara.lt\/en\/wp-json\/wp\/v2\/media?parent=4156"}],"wp:term":[{"taxonomy":"product_brand","embeddable":true,"href":"https:\/\/myliusvara.lt\/en\/wp-json\/wp\/v2\/product_brand?post=4156"},{"taxonomy":"product_cat","embeddable":true,"href":"https:\/\/myliusvara.lt\/en\/wp-json\/wp\/v2\/product_cat?post=4156"},{"taxonomy":"product_tag","embeddable":true,"href":"https:\/\/myliusvara.lt\/en\/wp-json\/wp\/v2\/product_tag?post=4156"}],"curies":[{"name":"wp","href":"https:\/\/api.w.org\/{rel}","templated":true}]}}