{"id":4152,"date":"2026-02-20T07:55:35","date_gmt":"2026-02-20T07:55:35","guid":{"rendered":"https:\/\/myliusvara.lt\/uncategorized\/frosch-washing-powder-with-pomegranate-1-45kg\/"},"modified":"2026-02-23T13:26:08","modified_gmt":"2026-02-23T13:26:08","slug":"frosch-washing-powder-with-pomegranate-1-45kg","status":"publish","type":"product","link":"https:\/\/myliusvara.lt\/en\/laundry-and-rinsing-products\/frosch-washing-powder-with-pomegranate-1-45kg\/","title":{"rendered":"Frosch Mazg\u0101\u0161anas pulveris ar Gran\u0101t\u0101bolu 1,45kg"},"content":{"rendered":"<p>Liela mazg\u0101\u0161anas jauda, \u012bpa\u0161i kr\u0101sainiem audumiem mazg\u0101\u0161anai 30\u201360 \u00b0C temperat\u016br\u0101; nav piem\u0113rots vilnai un z\u012bdam. Kr\u0101sas sarg\u0101jo\u0161a formula ar gran\u0101t\u0101bolu ekstraktu nodro\u0161ina lieliskus mazg\u0101\u0161anas rezult\u0101tus un ilgsto\u0161i spilgtas kr\u0101sas. Bez kr\u0101sviel\u0101m un konservantiem, dermato\u0123iski test\u0113ts. Lieto\u0161ana: \u0161\u0137irojiet ve\u013cu un iev\u0113rojiet kop\u0161anas instrukcijas. Ra\u017eots V\u0101cij\u0101.<\/p>\n","protected":false},"excerpt":{"rendered":"<p>Liela mazg\u0101\u0161anas jauda, \u012bpa\u0161i kr\u0101sainiem audumiem mazg\u0101\u0161anai 30\u201360 \u00b0C temperat\u016br\u0101; nav piem\u0113rots vilnai un z\u012bdam. Kr\u0101sas sarg\u0101jo\u0161a formula ar gran\u0101t\u0101bolu ekstraktu nodro\u0161ina lieliskus mazg\u0101\u0161anas rezult\u0101tus un ilgsto\u0161i spilgtas kr\u0101sas. Bez kr\u0101sviel\u0101m un konservantiem, dermato\u0123iski test\u0113ts. Lieto\u0161ana: \u0161\u0137irojiet ve\u013cu un iev\u0113rojiet kop\u0161anas instrukcijas. Ra\u017eots V\u0101cij\u0101.<\/p>\n","protected":false},"featured_media":4005,"comment_status":"open","ping_status":"closed","template":"","meta":[],"product_brand":[63],"product_cat":[144],"product_tag":[],"class_list":{"0":"post-4152","1":"product","2":"type-product","3":"status-publish","4":"has-post-thumbnail","6":"product_brand-frosch","7":"product_cat-laundry-and-rinsing-products","9":"first","10":"instock","11":"shipping-taxable","12":"purchasable","13":"product-type-simple"},"_links":{"self":[{"href":"https:\/\/myliusvara.lt\/en\/wp-json\/wp\/v2\/product\/4152","targetHints":{"allow":["GET"]}}],"collection":[{"href":"https:\/\/myliusvara.lt\/en\/wp-json\/wp\/v2\/product"}],"about":[{"href":"https:\/\/myliusvara.lt\/en\/wp-json\/wp\/v2\/types\/product"}],"replies":[{"embeddable":true,"href":"https:\/\/myliusvara.lt\/en\/wp-json\/wp\/v2\/comments?post=4152"}],"wp:featuredmedia":[{"embeddable":true,"href":"https:\/\/myliusvara.lt\/en\/wp-json\/wp\/v2\/media\/4005"}],"wp:attachment":[{"href":"https:\/\/myliusvara.lt\/en\/wp-json\/wp\/v2\/media?parent=4152"}],"wp:term":[{"taxonomy":"product_brand","embeddable":true,"href":"https:\/\/myliusvara.lt\/en\/wp-json\/wp\/v2\/product_brand?post=4152"},{"taxonomy":"product_cat","embeddable":true,"href":"https:\/\/myliusvara.lt\/en\/wp-json\/wp\/v2\/product_cat?post=4152"},{"taxonomy":"product_tag","embeddable":true,"href":"https:\/\/myliusvara.lt\/en\/wp-json\/wp\/v2\/product_tag?post=4152"}],"curies":[{"name":"wp","href":"https:\/\/api.w.org\/{rel}","templated":true}]}}