{"id":4151,"date":"2026-02-20T07:55:40","date_gmt":"2026-02-20T07:55:40","guid":{"rendered":"https:\/\/myliusvara.lt\/uncategorized\/frosch-hand-soap-for-children-300ml\/"},"modified":"2026-02-23T13:26:06","modified_gmt":"2026-02-23T13:26:06","slug":"frosch-hand-soap-for-children-300ml","status":"publish","type":"product","link":"https:\/\/myliusvara.lt\/en\/liquid-soaps-and-shower-gels\/frosch-hand-soap-for-children-300ml\/","title":{"rendered":"Frosch Roku ziepes b\u0113rniem 300ml"},"content":{"rendered":"<p>B\u0113rnu \u0101das kop\u0161anai piem\u0113rotas ziepes ar \u0101das mitrin\u0101\u0161anas viel\u0101m, kas viegli no\u0146em net\u012brumus un katras roku mazg\u0101\u0161anas reizes laik\u0101 pasarg\u0101 \u0101du no iz\u017e\u016b\u0161anas. Bez kr\u0101sviel\u0101m, EDTA, parab\u0113niem. Neitr\u0101ls pH, hipoaler\u0123isks, p\u0101rbaud\u012bts dermatologiem. Lieto\u0161ana: Uzkl\u0101jiet ziepju kr\u0113mu uz samitrin\u0101tas rokas, ier\u012bv\u0113jiet un skalojiet ar \u016bdeni. Dermato\u0123iski test\u0113ts.<\/p>\n","protected":false},"excerpt":{"rendered":"<p>B\u0113rnu \u0101das kop\u0161anai piem\u0113rotas ziepes ar \u0101das mitrin\u0101\u0161anas viel\u0101m, kas viegli no\u0146em net\u012brumus un katras roku mazg\u0101\u0161anas reizes laik\u0101 pasarg\u0101 \u0101du no iz\u017e\u016b\u0161anas. Bez kr\u0101sviel\u0101m, EDTA, parab\u0113niem. Neitr\u0101ls pH, hipoaler\u0123isks, p\u0101rbaud\u012bts dermatologiem. Lieto\u0161ana: Uzkl\u0101jiet ziepju kr\u0113mu uz samitrin\u0101tas rokas, ier\u012bv\u0113jiet un skalojiet ar \u016bdeni. Dermato\u0123iski test\u0113ts.<\/p>\n","protected":false},"featured_media":4041,"comment_status":"open","ping_status":"closed","template":"","meta":[],"product_brand":[63],"product_cat":[181],"product_tag":[],"class_list":{"0":"post-4151","1":"product","2":"type-product","3":"status-publish","4":"has-post-thumbnail","6":"product_brand-frosch","7":"product_cat-liquid-soaps-and-shower-gels","9":"first","10":"instock","11":"shipping-taxable","12":"purchasable","13":"product-type-simple"},"_links":{"self":[{"href":"https:\/\/myliusvara.lt\/en\/wp-json\/wp\/v2\/product\/4151","targetHints":{"allow":["GET"]}}],"collection":[{"href":"https:\/\/myliusvara.lt\/en\/wp-json\/wp\/v2\/product"}],"about":[{"href":"https:\/\/myliusvara.lt\/en\/wp-json\/wp\/v2\/types\/product"}],"replies":[{"embeddable":true,"href":"https:\/\/myliusvara.lt\/en\/wp-json\/wp\/v2\/comments?post=4151"}],"wp:featuredmedia":[{"embeddable":true,"href":"https:\/\/myliusvara.lt\/en\/wp-json\/wp\/v2\/media\/4041"}],"wp:attachment":[{"href":"https:\/\/myliusvara.lt\/en\/wp-json\/wp\/v2\/media?parent=4151"}],"wp:term":[{"taxonomy":"product_brand","embeddable":true,"href":"https:\/\/myliusvara.lt\/en\/wp-json\/wp\/v2\/product_brand?post=4151"},{"taxonomy":"product_cat","embeddable":true,"href":"https:\/\/myliusvara.lt\/en\/wp-json\/wp\/v2\/product_cat?post=4151"},{"taxonomy":"product_tag","embeddable":true,"href":"https:\/\/myliusvara.lt\/en\/wp-json\/wp\/v2\/product_tag?post=4151"}],"curies":[{"name":"wp","href":"https:\/\/api.w.org\/{rel}","templated":true}]}}