{"id":4145,"date":"2026-02-20T07:55:33","date_gmt":"2026-02-20T07:55:33","guid":{"rendered":"https:\/\/myliusvara.lt\/uncategorized\/frosch-baby-pre-spot-cleaner-300ml\/"},"modified":"2026-02-23T13:26:10","modified_gmt":"2026-02-23T13:26:10","slug":"frosch-baby-pre-spot-cleaner-300ml","status":"publish","type":"product","link":"https:\/\/myliusvara.lt\/en\/stain-removers\/frosch-baby-pre-spot-cleaner-300ml\/","title":{"rendered":"Frosch BABY Iepriek\u0161\u0113js traipu t\u012br\u012bt\u0101js 300ml"},"content":{"rendered":"<p>Sp\u0113c\u012bgs, speci\u0101ls traipu t\u012br\u012bt\u0101js ar citr\u0101tu (aug\u013cu sk\u0101bju s\u0101li). Uzticami att\u012bra iesak\u0146oju\u0161os un iz\u017euvu\u0161os traipus no z\u012bdai\u0146u tekstilajiem audumiem. Sp\u0113c\u012bga prepar\u0101ta recept\u016bra paredz\u0113ta ve\u013cas s\u0101kotn\u0113jai apstr\u0101dei, lai t\u0101 k\u013c\u016btu t\u012bra. Lieto\u0161ana: pirms mazg\u0101\u0161anas vienk\u0101r\u0161i uzkl\u0101jiet uz traipa. Ra\u017eots V\u0101cij\u0101.<\/p>\n","protected":false},"excerpt":{"rendered":"<p>Sp\u0113c\u012bgs, speci\u0101ls traipu t\u012br\u012bt\u0101js ar citr\u0101tu (aug\u013cu sk\u0101bju s\u0101li). Uzticami att\u012bra iesak\u0146oju\u0161os un iz\u017euvu\u0161os traipus no z\u012bdai\u0146u tekstilajiem audumiem. Sp\u0113c\u012bga prepar\u0101ta recept\u016bra paredz\u0113ta ve\u013cas s\u0101kotn\u0113jai apstr\u0101dei, lai t\u0101 k\u013c\u016btu t\u012bra. Lieto\u0161ana: pirms mazg\u0101\u0161anas vienk\u0101r\u0161i uzkl\u0101jiet uz traipa. Ra\u017eots V\u0101cij\u0101.<\/p>\n","protected":false},"featured_media":3978,"comment_status":"open","ping_status":"closed","template":"","meta":[],"product_brand":[63],"product_cat":[147,156,169],"product_tag":[],"class_list":{"0":"post-4145","1":"product","2":"type-product","3":"status-publish","4":"has-post-thumbnail","6":"product_brand-frosch","7":"product_cat-ecolabel-en","8":"product_cat-products-for-babies-and-children","9":"product_cat-stain-removers","11":"first","12":"instock","13":"shipping-taxable","14":"purchasable","15":"product-type-simple"},"_links":{"self":[{"href":"https:\/\/myliusvara.lt\/en\/wp-json\/wp\/v2\/product\/4145","targetHints":{"allow":["GET"]}}],"collection":[{"href":"https:\/\/myliusvara.lt\/en\/wp-json\/wp\/v2\/product"}],"about":[{"href":"https:\/\/myliusvara.lt\/en\/wp-json\/wp\/v2\/types\/product"}],"replies":[{"embeddable":true,"href":"https:\/\/myliusvara.lt\/en\/wp-json\/wp\/v2\/comments?post=4145"}],"wp:featuredmedia":[{"embeddable":true,"href":"https:\/\/myliusvara.lt\/en\/wp-json\/wp\/v2\/media\/3978"}],"wp:attachment":[{"href":"https:\/\/myliusvara.lt\/en\/wp-json\/wp\/v2\/media?parent=4145"}],"wp:term":[{"taxonomy":"product_brand","embeddable":true,"href":"https:\/\/myliusvara.lt\/en\/wp-json\/wp\/v2\/product_brand?post=4145"},{"taxonomy":"product_cat","embeddable":true,"href":"https:\/\/myliusvara.lt\/en\/wp-json\/wp\/v2\/product_cat?post=4145"},{"taxonomy":"product_tag","embeddable":true,"href":"https:\/\/myliusvara.lt\/en\/wp-json\/wp\/v2\/product_tag?post=4145"}],"curies":[{"name":"wp","href":"https:\/\/api.w.org\/{rel}","templated":true}]}}