{"id":3183,"date":"2025-04-13T10:34:18","date_gmt":"2025-04-13T10:34:18","guid":{"rendered":"https:\/\/myliusvara.lt\/produktas\/frosch-spray-carpet-and-upholstery-cleaner-500ml\/"},"modified":"2026-02-23T13:26:41","modified_gmt":"2026-02-23T13:26:41","slug":"frosch-carpet-upholstery-spray-500ml","status":"publish","type":"product","link":"https:\/\/myliusvara.lt\/en\/floor-furniture-and-carpet-cleaners\/frosch-carpet-upholstery-spray-500ml\/","title":{"rendered":"Frosch Pakl\u0101ju un polster\u0113jumu t\u012br\u012bt\u0101js 500ml"},"content":{"rendered":"<p>Ra\u017eot\u0101js: <strong>Frosch<\/strong><br \/>\nProdukta nosaukums: <strong>Smidzin\u0101mais pakl\u0101ju un polster\u0113jumu t\u012br\u012bt\u0101js 500ml<\/strong><br \/>\nVai pieejams p\u0101rdo\u0161an\u0101: <strong>J\u0101<\/strong><\/p>\n<p>Frosch smidzin\u0101mais pakl\u0101ju un polster\u0113jumu t\u012br\u012bt\u0101js. Jaud\u012bga gr\u016bti p\u0101rvaramu traipu (sarkanais v\u012bns, kola, sulas, kafija, t\u0113ja, tauki, e\u013c\u013ca, m\u0113rces un grims) no\u0146em\u0161ana. Speci\u0101la traipu no\u0146em\u0161anas formula ar akt\u012bvo sk\u0101bekli. Ra\u017eots V\u0101cij\u0101.<\/p>\n","protected":false},"excerpt":{"rendered":"<p>Ra\u017eot\u0101js: Frosch Produkta nosaukums: Smidzin\u0101mais pakl\u0101ju un polster\u0113jumu t\u012br\u012bt\u0101js 500ml Vai pieejams p\u0101rdo\u0161an\u0101: J\u0101 Frosch smidzin\u0101mais pakl\u0101ju un polster\u0113jumu t\u012br\u012bt\u0101js. Jaud\u012bga gr\u016bti p\u0101rvaramu traipu (sarkanais v\u012bns, kola, sulas, kafija, t\u0113ja, tauki, e\u013c\u013ca, m\u0113rces un grims) no\u0146em\u0161ana. Speci\u0101la traipu no\u0146em\u0161anas formula ar akt\u012bvo sk\u0101bekli. Ra\u017eots V\u0101cij\u0101.<\/p>\n","protected":false},"featured_media":3013,"comment_status":"open","ping_status":"closed","template":"","meta":[],"product_brand":[63],"product_cat":[172,169],"product_tag":[],"class_list":{"0":"post-3183","1":"product","2":"type-product","3":"status-publish","4":"has-post-thumbnail","6":"product_brand-frosch","7":"product_cat-floor-furniture-and-carpet-cleaners","8":"product_cat-stain-removers","10":"first","11":"instock","12":"shipping-taxable","13":"purchasable","14":"product-type-simple"},"_links":{"self":[{"href":"https:\/\/myliusvara.lt\/en\/wp-json\/wp\/v2\/product\/3183","targetHints":{"allow":["GET"]}}],"collection":[{"href":"https:\/\/myliusvara.lt\/en\/wp-json\/wp\/v2\/product"}],"about":[{"href":"https:\/\/myliusvara.lt\/en\/wp-json\/wp\/v2\/types\/product"}],"replies":[{"embeddable":true,"href":"https:\/\/myliusvara.lt\/en\/wp-json\/wp\/v2\/comments?post=3183"}],"wp:featuredmedia":[{"embeddable":true,"href":"https:\/\/myliusvara.lt\/en\/wp-json\/wp\/v2\/media\/3013"}],"wp:attachment":[{"href":"https:\/\/myliusvara.lt\/en\/wp-json\/wp\/v2\/media?parent=3183"}],"wp:term":[{"taxonomy":"product_brand","embeddable":true,"href":"https:\/\/myliusvara.lt\/en\/wp-json\/wp\/v2\/product_brand?post=3183"},{"taxonomy":"product_cat","embeddable":true,"href":"https:\/\/myliusvara.lt\/en\/wp-json\/wp\/v2\/product_cat?post=3183"},{"taxonomy":"product_tag","embeddable":true,"href":"https:\/\/myliusvara.lt\/en\/wp-json\/wp\/v2\/product_tag?post=3183"}],"curies":[{"name":"wp","href":"https:\/\/api.w.org\/{rel}","templated":true}]}}