{"id":3178,"date":"2025-04-13T10:27:09","date_gmt":"2025-04-13T10:27:09","guid":{"rendered":"https:\/\/myliusvara.lt\/produktas\/frosch-laundry-softener-with-fig-scent-750ml\/"},"modified":"2026-02-23T13:26:41","modified_gmt":"2026-02-23T13:26:41","slug":"frosch-textile-softener-fig-750ml","status":"publish","type":"product","link":"https:\/\/myliusvara.lt\/en\/laundry-and-rinsing-products\/frosch-textile-softener-fig-750ml\/","title":{"rendered":"Frosch Ve\u013cas m\u012bkstin\u0101t\u0101js v\u012b\u0123u arom\u0101t\u0101 750ml"},"content":{"rendered":"<p>Ra\u017eot\u0101js: <strong>Frosch<\/strong><br \/>\nProdukta nosaukums: <strong>Frosch ve\u013cas m\u012bkstin\u0101t\u0101js v\u012b\u0123u arom\u0101t\u0101 750ml<\/strong><br \/>\nVai pieejams p\u0101rdo\u0161an\u0101: <strong>J\u0101<\/strong><\/p>\n<p>Frosch koncentr\u0113ts v\u012b\u0123u arom\u0101ta m\u012bkstin\u0101t\u0101js. Augu izcelsmes maigums un kop\u0161ana. Bag\u0101t\u012bgi smar\u017eojo\u0161ai un m\u012bkstai ve\u013cai. Nav piem\u0113rots vilnai, z\u012bdam un mikro\u0161\u0137iedrai. Formula ar v\u012b\u0123\u0113m, maigi kopj audumu \u0161\u0137iedras un aizsarg\u0101 kr\u0101sas. Ra\u017eots V\u0101cij\u0101.<\/p>\n","protected":false},"excerpt":{"rendered":"<p>Ra\u017eot\u0101js: Frosch Produkta nosaukums: Frosch ve\u013cas m\u012bkstin\u0101t\u0101js v\u012b\u0123u arom\u0101t\u0101 750ml Vai pieejams p\u0101rdo\u0161an\u0101: J\u0101 Frosch koncentr\u0113ts v\u012b\u0123u arom\u0101ta m\u012bkstin\u0101t\u0101js. Augu izcelsmes maigums un kop\u0161ana. Bag\u0101t\u012bgi smar\u017eojo\u0161ai un m\u012bkstai ve\u013cai. Nav piem\u0113rots vilnai, z\u012bdam un mikro\u0161\u0137iedrai. Formula ar v\u012b\u0123\u0113m, maigi kopj audumu \u0161\u0137iedras un aizsarg\u0101 kr\u0101sas. Ra\u017eots V\u0101cij\u0101.<\/p>\n","protected":false},"featured_media":3004,"comment_status":"open","ping_status":"closed","template":"","meta":[],"product_brand":[63],"product_cat":[144],"product_tag":[],"class_list":{"0":"post-3178","1":"product","2":"type-product","3":"status-publish","4":"has-post-thumbnail","6":"product_brand-frosch","7":"product_cat-laundry-and-rinsing-products","9":"first","10":"instock","11":"shipping-taxable","12":"purchasable","13":"product-type-simple"},"_links":{"self":[{"href":"https:\/\/myliusvara.lt\/en\/wp-json\/wp\/v2\/product\/3178","targetHints":{"allow":["GET"]}}],"collection":[{"href":"https:\/\/myliusvara.lt\/en\/wp-json\/wp\/v2\/product"}],"about":[{"href":"https:\/\/myliusvara.lt\/en\/wp-json\/wp\/v2\/types\/product"}],"replies":[{"embeddable":true,"href":"https:\/\/myliusvara.lt\/en\/wp-json\/wp\/v2\/comments?post=3178"}],"wp:featuredmedia":[{"embeddable":true,"href":"https:\/\/myliusvara.lt\/en\/wp-json\/wp\/v2\/media\/3004"}],"wp:attachment":[{"href":"https:\/\/myliusvara.lt\/en\/wp-json\/wp\/v2\/media?parent=3178"}],"wp:term":[{"taxonomy":"product_brand","embeddable":true,"href":"https:\/\/myliusvara.lt\/en\/wp-json\/wp\/v2\/product_brand?post=3178"},{"taxonomy":"product_cat","embeddable":true,"href":"https:\/\/myliusvara.lt\/en\/wp-json\/wp\/v2\/product_cat?post=3178"},{"taxonomy":"product_tag","embeddable":true,"href":"https:\/\/myliusvara.lt\/en\/wp-json\/wp\/v2\/product_tag?post=3178"}],"curies":[{"name":"wp","href":"https:\/\/api.w.org\/{rel}","templated":true}]}}