{"id":3175,"date":"2025-04-13T10:29:18","date_gmt":"2025-04-13T10:29:18","guid":{"rendered":"https:\/\/myliusvara.lt\/produktas\/dr-beckmann-stain-removal-soap-100g\/"},"modified":"2026-02-23T13:26:41","modified_gmt":"2026-02-23T13:26:41","slug":"dr-beckmann-stain-soap-100g","status":"publish","type":"product","link":"https:\/\/myliusvara.lt\/en\/stain-removers\/dr-beckmann-stain-soap-100g\/","title":{"rendered":"Dr. Beckmann traipu t\u012br\u012b\u0161anas ziepes 100g"},"content":{"rendered":"<p>Ra\u017eot\u0101js: <strong>Dr. Beckmann<\/strong><br \/>\nProdukta nosaukums: <strong>Dr. Beckmann traipu t\u012br\u012b\u0161anas ziepes 100g<\/strong><br \/>\nVai pieejams p\u0101rdo\u0161an\u0101: <strong>J\u0101<\/strong><\/p>\n<p>Traipu no\u0146em\u0161anas ziepes ar \u017eulti un Aloe Vera. Ziepes no\u0146em traipus no tekstilizstr\u0101d\u0101jumiem, automa\u0161\u012bnu s\u0113dek\u013ciem, polster\u0113jumiem un pakl\u0101jiem, m\u012bkstaj\u0101m m\u0113bel\u0113m (d\u012bv\u0101ns, autokr\u0113sls). Iepriek\u0161 p\u0101rbaudiet sl\u0113pt\u0101 auduma viet\u0101 kr\u0101su un iztur\u012bbu. Ra\u017eots V\u0101cij\u0101.<\/p>\n","protected":false},"excerpt":{"rendered":"<p>Ra\u017eot\u0101js: Dr. Beckmann Produkta nosaukums: Dr. Beckmann traipu t\u012br\u012b\u0161anas ziepes 100g Vai pieejams p\u0101rdo\u0161an\u0101: J\u0101 Traipu no\u0146em\u0161anas ziepes ar \u017eulti un Aloe Vera. Ziepes no\u0146em traipus no tekstilizstr\u0101d\u0101jumiem, automa\u0161\u012bnu s\u0113dek\u013ciem, polster\u0113jumiem un pakl\u0101jiem, m\u012bkstaj\u0101m m\u0113bel\u0113m (d\u012bv\u0101ns, autokr\u0113sls). Iepriek\u0161 p\u0101rbaudiet sl\u0113pt\u0101 auduma viet\u0101 kr\u0101su un iztur\u012bbu. Ra\u017eots V\u0101cij\u0101.<\/p>\n","protected":false},"featured_media":3007,"comment_status":"open","ping_status":"closed","template":"","meta":[],"product_brand":[64],"product_cat":[144,169],"product_tag":[],"class_list":{"0":"post-3175","1":"product","2":"type-product","3":"status-publish","4":"has-post-thumbnail","6":"product_brand-dr-beckmann","7":"product_cat-laundry-and-rinsing-products","8":"product_cat-stain-removers","10":"first","11":"instock","12":"shipping-taxable","13":"purchasable","14":"product-type-simple"},"_links":{"self":[{"href":"https:\/\/myliusvara.lt\/en\/wp-json\/wp\/v2\/product\/3175","targetHints":{"allow":["GET"]}}],"collection":[{"href":"https:\/\/myliusvara.lt\/en\/wp-json\/wp\/v2\/product"}],"about":[{"href":"https:\/\/myliusvara.lt\/en\/wp-json\/wp\/v2\/types\/product"}],"replies":[{"embeddable":true,"href":"https:\/\/myliusvara.lt\/en\/wp-json\/wp\/v2\/comments?post=3175"}],"wp:featuredmedia":[{"embeddable":true,"href":"https:\/\/myliusvara.lt\/en\/wp-json\/wp\/v2\/media\/3007"}],"wp:attachment":[{"href":"https:\/\/myliusvara.lt\/en\/wp-json\/wp\/v2\/media?parent=3175"}],"wp:term":[{"taxonomy":"product_brand","embeddable":true,"href":"https:\/\/myliusvara.lt\/en\/wp-json\/wp\/v2\/product_brand?post=3175"},{"taxonomy":"product_cat","embeddable":true,"href":"https:\/\/myliusvara.lt\/en\/wp-json\/wp\/v2\/product_cat?post=3175"},{"taxonomy":"product_tag","embeddable":true,"href":"https:\/\/myliusvara.lt\/en\/wp-json\/wp\/v2\/product_tag?post=3175"}],"curies":[{"name":"wp","href":"https:\/\/api.w.org\/{rel}","templated":true}]}}