{"id":3171,"date":"2025-04-13T10:21:17","date_gmt":"2025-04-13T10:21:17","guid":{"rendered":"https:\/\/myliusvara.lt\/produktas\/dr-beckmann-bleach-2x40g\/"},"modified":"2026-02-23T13:26:42","modified_gmt":"2026-02-23T13:26:42","slug":"dr-beckmann-super-white-2x40g","status":"publish","type":"product","link":"https:\/\/myliusvara.lt\/en\/laundry-and-rinsing-products\/dr-beckmann-super-white-2x40g\/","title":{"rendered":"Dr. Beckmann Balin\u0101t\u0101js 2x40g"},"content":{"rendered":"<p>Ra\u017eot\u0101js: <strong>Dr. Beckmann<\/strong><br \/>\nProdukta nosaukums: <strong>Dr. Beckmann Balin\u0101t\u0101js 2x40g<\/strong><br \/>\nVai pieejams p\u0101rdo\u0161an\u0101: <strong>J\u0101<\/strong><\/p>\n<p>L\u012bdzeklis efekt\u012bvi no\u0146em pel\u0113c\u012bgas un dzelten\u012bgas nokr\u0101sas un atkal padara j\u016bsu ve\u013cu ap\u017eilbino\u0161i baltu. Kr\u0101sa tik spilgta, it k\u0101 t\u0101 b\u016btu piln\u012bgi jauna. Intens\u012bvs balin\u0101\u0161anas sp\u0113ks r\u016bp\u0113jas par to, lai pat atk\u0101rtoti mazg\u0101jot, baltums saglab\u0101tos. Ra\u017eots V\u0101cij\u0101.<\/p>\n","protected":false},"excerpt":{"rendered":"<p>Ra\u017eot\u0101js: Dr. Beckmann Produkta nosaukums: Dr. Beckmann Balin\u0101t\u0101js 2x40g Vai pieejams p\u0101rdo\u0161an\u0101: J\u0101 L\u012bdzeklis efekt\u012bvi no\u0146em pel\u0113c\u012bgas un dzelten\u012bgas nokr\u0101sas un atkal padara j\u016bsu ve\u013cu ap\u017eilbino\u0161i baltu. Kr\u0101sa tik spilgta, it k\u0101 t\u0101 b\u016btu piln\u012bgi jauna. Intens\u012bvs balin\u0101\u0161anas sp\u0113ks r\u016bp\u0113jas par to, lai pat atk\u0101rtoti mazg\u0101jot, baltums saglab\u0101tos. Ra\u017eots V\u0101cij\u0101.<\/p>\n","protected":false},"featured_media":2995,"comment_status":"open","ping_status":"closed","template":"","meta":[],"product_brand":[64],"product_cat":[144],"product_tag":[],"class_list":{"0":"post-3171","1":"product","2":"type-product","3":"status-publish","4":"has-post-thumbnail","6":"product_brand-dr-beckmann","7":"product_cat-laundry-and-rinsing-products","9":"first","10":"instock","11":"shipping-taxable","12":"purchasable","13":"product-type-simple"},"_links":{"self":[{"href":"https:\/\/myliusvara.lt\/en\/wp-json\/wp\/v2\/product\/3171","targetHints":{"allow":["GET"]}}],"collection":[{"href":"https:\/\/myliusvara.lt\/en\/wp-json\/wp\/v2\/product"}],"about":[{"href":"https:\/\/myliusvara.lt\/en\/wp-json\/wp\/v2\/types\/product"}],"replies":[{"embeddable":true,"href":"https:\/\/myliusvara.lt\/en\/wp-json\/wp\/v2\/comments?post=3171"}],"wp:featuredmedia":[{"embeddable":true,"href":"https:\/\/myliusvara.lt\/en\/wp-json\/wp\/v2\/media\/2995"}],"wp:attachment":[{"href":"https:\/\/myliusvara.lt\/en\/wp-json\/wp\/v2\/media?parent=3171"}],"wp:term":[{"taxonomy":"product_brand","embeddable":true,"href":"https:\/\/myliusvara.lt\/en\/wp-json\/wp\/v2\/product_brand?post=3171"},{"taxonomy":"product_cat","embeddable":true,"href":"https:\/\/myliusvara.lt\/en\/wp-json\/wp\/v2\/product_cat?post=3171"},{"taxonomy":"product_tag","embeddable":true,"href":"https:\/\/myliusvara.lt\/en\/wp-json\/wp\/v2\/product_tag?post=3171"}],"curies":[{"name":"wp","href":"https:\/\/api.w.org\/{rel}","templated":true}]}}