{"id":3159,"date":"2025-04-13T10:17:39","date_gmt":"2025-04-13T10:17:39","guid":{"rendered":"https:\/\/myliusvara.lt\/produktas\/frosch-zero-leather-free-dishwashing-detergent-500ml\/"},"modified":"2026-02-23T13:26:43","modified_gmt":"2026-02-23T13:26:43","slug":"frosch-zero-dishwashing-lotion-sensitive-500ml","status":"publish","type":"product","link":"https:\/\/myliusvara.lt\/en\/dish-and-dishwasher-cleaners\/frosch-zero-dishwashing-lotion-sensitive-500ml\/","title":{"rendered":"Frosch Zero% \u0100dai nekairino\u0161s trauku mazg\u0101\u0161anas l\u012bdzeklis 500ml"},"content":{"rendered":"<p>Ra\u017eot\u0101js: <strong>Frosch<\/strong><br \/>\nProdukta nosaukums: <strong>Frosch Zero% \u0101dai nekairino\u0161s trauku mazg\u0101\u0161anas l\u012bdzeklis 500ml<\/strong><br \/>\nVai pieejams p\u0101rdo\u0161an\u0101: <strong>J\u0101<\/strong><\/p>\n<p>J\u016bsu \u0101du saudz\u0113jo\u0161s skalo\u0161anas l\u012bdzeklis, nodro\u0161inot t\u012bru trauku sp\u012bdumu. Piln\u012bb\u0101 noskalojams, neatst\u0101j nek\u0101dus atlikumus. \u012apa\u0161i saudz\u0113jo\u0161a formula ar ur\u012bnvielu j\u016bsu jut\u012bg\u0101m un saus\u0101m rok\u0101m. Nodro\u0161ina roku \u0101das mitruma balansu. Ra\u017eots V\u0101cij\u0101.<\/p>\n","protected":false},"excerpt":{"rendered":"<p>Ra\u017eot\u0101js: Frosch Produkta nosaukums: Frosch Zero% \u0101dai nekairino\u0161s trauku mazg\u0101\u0161anas l\u012bdzeklis 500ml Vai pieejams p\u0101rdo\u0161an\u0101: J\u0101 J\u016bsu \u0101du saudz\u0113jo\u0161s skalo\u0161anas l\u012bdzeklis, nodro\u0161inot t\u012bru trauku sp\u012bdumu. Piln\u012bb\u0101 noskalojams, neatst\u0101j nek\u0101dus atlikumus. \u012apa\u0161i saudz\u0113jo\u0161a formula ar ur\u012bnvielu j\u016bsu jut\u012bg\u0101m un saus\u0101m rok\u0101m. Nodro\u0161ina roku \u0101das mitruma balansu. Ra\u017eots V\u0101cij\u0101.<\/p>\n","protected":false},"featured_media":2989,"comment_status":"open","ping_status":"closed","template":"","meta":[],"product_brand":[63],"product_cat":[168,147,154,143],"product_tag":[],"class_list":{"0":"post-3159","1":"product","2":"type-product","3":"status-publish","4":"has-post-thumbnail","6":"product_brand-frosch","7":"product_cat-dish-and-dishwasher-cleaners","8":"product_cat-ecolabel-en","9":"product_cat-kitchen-care-products","10":"product_cat-products","12":"first","13":"instock","14":"shipping-taxable","15":"purchasable","16":"product-type-simple"},"_links":{"self":[{"href":"https:\/\/myliusvara.lt\/en\/wp-json\/wp\/v2\/product\/3159","targetHints":{"allow":["GET"]}}],"collection":[{"href":"https:\/\/myliusvara.lt\/en\/wp-json\/wp\/v2\/product"}],"about":[{"href":"https:\/\/myliusvara.lt\/en\/wp-json\/wp\/v2\/types\/product"}],"replies":[{"embeddable":true,"href":"https:\/\/myliusvara.lt\/en\/wp-json\/wp\/v2\/comments?post=3159"}],"wp:featuredmedia":[{"embeddable":true,"href":"https:\/\/myliusvara.lt\/en\/wp-json\/wp\/v2\/media\/2989"}],"wp:attachment":[{"href":"https:\/\/myliusvara.lt\/en\/wp-json\/wp\/v2\/media?parent=3159"}],"wp:term":[{"taxonomy":"product_brand","embeddable":true,"href":"https:\/\/myliusvara.lt\/en\/wp-json\/wp\/v2\/product_brand?post=3159"},{"taxonomy":"product_cat","embeddable":true,"href":"https:\/\/myliusvara.lt\/en\/wp-json\/wp\/v2\/product_cat?post=3159"},{"taxonomy":"product_tag","embeddable":true,"href":"https:\/\/myliusvara.lt\/en\/wp-json\/wp\/v2\/product_tag?post=3159"}],"curies":[{"name":"wp","href":"https:\/\/api.w.org\/{rel}","templated":true}]}}