{"id":3142,"date":"2025-04-13T10:08:19","date_gmt":"2025-04-13T10:08:19","guid":{"rendered":"https:\/\/myliusvara.lt\/produktas\/frosch-raspberry-vinegar-toilet-care-product-750ml\/"},"modified":"2026-02-23T13:26:44","modified_gmt":"2026-02-23T13:26:44","slug":"frosch-toilet-bowl-cleaner-raspberry-750ml","status":"publish","type":"product","link":"https:\/\/myliusvara.lt\/en\/bathroom-toilet-and-drain-cleaners\/frosch-toilet-bowl-cleaner-raspberry-750ml\/","title":{"rendered":"Frosch WC t\u012br\u012bt\u0101js ar Aven\u0113m 750ml"},"content":{"rendered":"<p>Ra\u017eot\u0101js: <strong>Frosch<\/strong><br \/>\nProdukta nosaukums: <strong>Frosch ave\u0146u eti\u0137a WC kop\u0161anas l\u012bdzeklis 750ml<\/strong><br \/>\nVai pieejams p\u0101rdo\u0161an\u0101: <strong>J\u0101<\/strong><\/p>\n<p>\u0160is ir ave\u0146u eti\u0137a tualetes kop\u0161anas l\u012bdzeklis. Efekt\u012bvi no\u0146em ka\u013c\u0137akmeni, ur\u012bna nogulsnes un net\u012brumus pat zem tualetes mal\u0101m. Efekt\u012bva recepte ar ave\u0146u eti\u0137i optim\u0101li no\u0146em ka\u013c\u0137akmens nogulsnes un r\u016bp\u012bgi t\u012bra. Izn\u012bcina smakas un atst\u0101j svaigu arom\u0101tu. Ra\u017eots V\u0101cij\u0101.<\/p>\n","protected":false},"excerpt":{"rendered":"<p>Ra\u017eot\u0101js: Frosch Produkta nosaukums: Frosch ave\u0146u eti\u0137a WC kop\u0161anas l\u012bdzeklis 750ml Vai pieejams p\u0101rdo\u0161an\u0101: J\u0101 \u0160is ir ave\u0146u eti\u0137a tualetes kop\u0161anas l\u012bdzeklis. Efekt\u012bvi no\u0146em ka\u013c\u0137akmeni, ur\u012bna nogulsnes un net\u012brumus pat zem tualetes mal\u0101m. Efekt\u012bva recepte ar ave\u0146u eti\u0137i optim\u0101li no\u0146em ka\u013c\u0137akmens nogulsnes un r\u016bp\u012bgi t\u012bra. Izn\u012bcina smakas un atst\u0101j svaigu arom\u0101tu. Ra\u017eots V\u0101cij\u0101.<\/p>\n","protected":false},"featured_media":2977,"comment_status":"open","ping_status":"closed","template":"","meta":[],"product_brand":[63],"product_cat":[153,147],"product_tag":[],"class_list":{"0":"post-3142","1":"product","2":"type-product","3":"status-publish","4":"has-post-thumbnail","6":"product_brand-frosch","7":"product_cat-bathroom-toilet-and-drain-cleaners","8":"product_cat-ecolabel-en","10":"first","11":"instock","12":"shipping-taxable","13":"purchasable","14":"product-type-simple"},"_links":{"self":[{"href":"https:\/\/myliusvara.lt\/en\/wp-json\/wp\/v2\/product\/3142","targetHints":{"allow":["GET"]}}],"collection":[{"href":"https:\/\/myliusvara.lt\/en\/wp-json\/wp\/v2\/product"}],"about":[{"href":"https:\/\/myliusvara.lt\/en\/wp-json\/wp\/v2\/types\/product"}],"replies":[{"embeddable":true,"href":"https:\/\/myliusvara.lt\/en\/wp-json\/wp\/v2\/comments?post=3142"}],"wp:featuredmedia":[{"embeddable":true,"href":"https:\/\/myliusvara.lt\/en\/wp-json\/wp\/v2\/media\/2977"}],"wp:attachment":[{"href":"https:\/\/myliusvara.lt\/en\/wp-json\/wp\/v2\/media?parent=3142"}],"wp:term":[{"taxonomy":"product_brand","embeddable":true,"href":"https:\/\/myliusvara.lt\/en\/wp-json\/wp\/v2\/product_brand?post=3142"},{"taxonomy":"product_cat","embeddable":true,"href":"https:\/\/myliusvara.lt\/en\/wp-json\/wp\/v2\/product_cat?post=3142"},{"taxonomy":"product_tag","embeddable":true,"href":"https:\/\/myliusvara.lt\/en\/wp-json\/wp\/v2\/product_tag?post=3142"}],"curies":[{"name":"wp","href":"https:\/\/api.w.org\/{rel}","templated":true}]}}