{"id":3131,"date":"2025-04-13T10:42:44","date_gmt":"2025-04-13T10:42:44","guid":{"rendered":"https:\/\/myliusvara.lt\/produktas\/frosch-laundry-detergent-with-aloesia-1500ml\/"},"modified":"2026-02-23T13:26:40","modified_gmt":"2026-02-23T13:26:40","slug":"frosch-sensitive-liquid-detergent-aloe-vera-1500ml","status":"publish","type":"product","link":"https:\/\/myliusvara.lt\/en\/ecolabel-en\/frosch-sensitive-liquid-detergent-aloe-vera-1500ml\/","title":{"rendered":"Frosch Hipoaler\u0123isks mazg\u0101\u0161anas l\u012bdzeklis jut\u012bgai \u0101dai Aloe Vera 1,5l"},"content":{"rendered":"<p>Ra\u017eot\u0101js: <strong>Frosch<\/strong><br \/>\nProdukta nosaukums: <strong>Frosch mazg\u0101\u0161anas l\u012bdzeklis ar alv\u0113ju 1500ml<\/strong><br \/>\nVai pieejams p\u0101rdo\u0161an\u0101: <strong>J\u0101<\/strong><\/p>\n<p>Liela mazg\u0101\u0161anas jauda visiem tekstilizstr\u0101d\u0101jumiem no 20-95\u00b0C, nav piem\u0113rots vilnai un z\u012bdam. \u0100dai draudz\u012bga formula ar alv\u0113ju un r\u016bp\u012bgi atlas\u012bt\u0101m smar\u017eviel\u0101m. Piem\u0113rots jut\u012bgai \u0101dai. Dermato\u0123iski test\u0113ts, hipoaler\u0123isks. Ra\u017eots V\u0101cij\u0101.<\/p>\n","protected":false},"excerpt":{"rendered":"<p>Ra\u017eot\u0101js: Frosch Produkta nosaukums: Frosch mazg\u0101\u0161anas l\u012bdzeklis ar alv\u0113ju 1500ml Vai pieejams p\u0101rdo\u0161an\u0101: J\u0101 Liela mazg\u0101\u0161anas jauda visiem tekstilizstr\u0101d\u0101jumiem no 20-95\u00b0C, nav piem\u0113rots vilnai un z\u012bdam. \u0100dai draudz\u012bga formula ar alv\u0113ju un r\u016bp\u012bgi atlas\u012bt\u0101m smar\u017eviel\u0101m. Piem\u0113rots jut\u012bgai \u0101dai. Dermato\u0123iski test\u0113ts, hipoaler\u0123isks. Ra\u017eots V\u0101cij\u0101.<\/p>\n","protected":false},"featured_media":3019,"comment_status":"open","ping_status":"closed","template":"","meta":[],"product_brand":[63],"product_cat":[147,144],"product_tag":[],"class_list":{"0":"post-3131","1":"product","2":"type-product","3":"status-publish","4":"has-post-thumbnail","6":"product_brand-frosch","7":"product_cat-ecolabel-en","8":"product_cat-laundry-and-rinsing-products","10":"first","11":"instock","12":"shipping-taxable","13":"purchasable","14":"product-type-simple"},"_links":{"self":[{"href":"https:\/\/myliusvara.lt\/en\/wp-json\/wp\/v2\/product\/3131","targetHints":{"allow":["GET"]}}],"collection":[{"href":"https:\/\/myliusvara.lt\/en\/wp-json\/wp\/v2\/product"}],"about":[{"href":"https:\/\/myliusvara.lt\/en\/wp-json\/wp\/v2\/types\/product"}],"replies":[{"embeddable":true,"href":"https:\/\/myliusvara.lt\/en\/wp-json\/wp\/v2\/comments?post=3131"}],"wp:featuredmedia":[{"embeddable":true,"href":"https:\/\/myliusvara.lt\/en\/wp-json\/wp\/v2\/media\/3019"}],"wp:attachment":[{"href":"https:\/\/myliusvara.lt\/en\/wp-json\/wp\/v2\/media?parent=3131"}],"wp:term":[{"taxonomy":"product_brand","embeddable":true,"href":"https:\/\/myliusvara.lt\/en\/wp-json\/wp\/v2\/product_brand?post=3131"},{"taxonomy":"product_cat","embeddable":true,"href":"https:\/\/myliusvara.lt\/en\/wp-json\/wp\/v2\/product_cat?post=3131"},{"taxonomy":"product_tag","embeddable":true,"href":"https:\/\/myliusvara.lt\/en\/wp-json\/wp\/v2\/product_tag?post=3131"}],"curies":[{"name":"wp","href":"https:\/\/api.w.org\/{rel}","templated":true}]}}