{"id":3124,"date":"2025-04-13T10:50:02","date_gmt":"2025-04-13T10:50:02","guid":{"rendered":"https:\/\/myliusvara.lt\/produktas\/frosch-multi-purpose-detergent-1500ml\/"},"modified":"2026-02-23T13:26:39","modified_gmt":"2026-02-23T13:26:39","slug":"frosch-liquid-detergent-universal-1500ml","status":"publish","type":"product","link":"https:\/\/myliusvara.lt\/en\/ecolabel-en\/frosch-liquid-detergent-universal-1500ml\/","title":{"rendered":"Frosch Univers\u0101ls mazg\u0101\u0161anas l\u012bdzeklis 1,5l"},"content":{"rendered":"<p>Ra\u017eot\u0101js: <strong>Frosch<\/strong><br \/>\nProdukta nosaukums: <strong>Frosch univers\u0101ls mazg\u0101\u0161anas l\u012bdzeklis 1500ml<\/strong><br \/>\nVai pieejams p\u0101rdo\u0161an\u0101: <strong>J\u0101<\/strong><\/p>\n<p>Sp\u0113c\u012bga mazg\u0101\u0161anas jauda no 20\u00b0\u201395\u00b0C temperat\u016br\u0101. Nav piem\u0113rots vilnai un z\u012bdam. Lai p\u0113c iesp\u0113jas lab\u0101k izmazg\u0101tu notraip\u012btu ve\u013cu, ieteicams pirms mazg\u0101\u0161anas uz traipiem uzliet \u0161\u0137idro mazg\u0101\u0161anas l\u012bdzekli un \u013caut tam ies\u016bkties. Mazg\u0101\u0161anas l\u012bdzekl\u012b eso\u0161ie optisk\u0101 balin\u0101t\u0101ji pie\u0161\u0137ir audumiem spilgtumu. Ra\u017eots V\u0101cij\u0101.<\/p>\n","protected":false},"excerpt":{"rendered":"<p>Ra\u017eot\u0101js: Frosch Produkta nosaukums: Frosch univers\u0101ls mazg\u0101\u0161anas l\u012bdzeklis 1500ml Vai pieejams p\u0101rdo\u0161an\u0101: J\u0101 Sp\u0113c\u012bga mazg\u0101\u0161anas jauda no 20\u00b0\u201395\u00b0C temperat\u016br\u0101. Nav piem\u0113rots vilnai un z\u012bdam. Lai p\u0113c iesp\u0113jas lab\u0101k izmazg\u0101tu notraip\u012btu ve\u013cu, ieteicams pirms mazg\u0101\u0161anas uz traipiem uzliet \u0161\u0137idro mazg\u0101\u0161anas l\u012bdzekli un \u013caut tam ies\u016bkties. Mazg\u0101\u0161anas l\u012bdzekl\u012b eso\u0161ie optisk\u0101 balin\u0101t\u0101ji pie\u0161\u0137ir audumiem spilgtumu. Ra\u017eots V\u0101cij\u0101.<\/p>\n","protected":false},"featured_media":4068,"comment_status":"open","ping_status":"closed","template":"","meta":[],"product_brand":[63],"product_cat":[147,144],"product_tag":[],"class_list":{"0":"post-3124","1":"product","2":"type-product","3":"status-publish","4":"has-post-thumbnail","6":"product_brand-frosch","7":"product_cat-ecolabel-en","8":"product_cat-laundry-and-rinsing-products","10":"first","11":"instock","12":"shipping-taxable","13":"purchasable","14":"product-type-simple"},"_links":{"self":[{"href":"https:\/\/myliusvara.lt\/en\/wp-json\/wp\/v2\/product\/3124","targetHints":{"allow":["GET"]}}],"collection":[{"href":"https:\/\/myliusvara.lt\/en\/wp-json\/wp\/v2\/product"}],"about":[{"href":"https:\/\/myliusvara.lt\/en\/wp-json\/wp\/v2\/types\/product"}],"replies":[{"embeddable":true,"href":"https:\/\/myliusvara.lt\/en\/wp-json\/wp\/v2\/comments?post=3124"}],"wp:featuredmedia":[{"embeddable":true,"href":"https:\/\/myliusvara.lt\/en\/wp-json\/wp\/v2\/media\/4068"}],"wp:attachment":[{"href":"https:\/\/myliusvara.lt\/en\/wp-json\/wp\/v2\/media?parent=3124"}],"wp:term":[{"taxonomy":"product_brand","embeddable":true,"href":"https:\/\/myliusvara.lt\/en\/wp-json\/wp\/v2\/product_brand?post=3124"},{"taxonomy":"product_cat","embeddable":true,"href":"https:\/\/myliusvara.lt\/en\/wp-json\/wp\/v2\/product_cat?post=3124"},{"taxonomy":"product_tag","embeddable":true,"href":"https:\/\/myliusvara.lt\/en\/wp-json\/wp\/v2\/product_tag?post=3124"}],"curies":[{"name":"wp","href":"https:\/\/api.w.org\/{rel}","templated":true}]}}