{"id":3120,"date":"2025-04-13T10:47:36","date_gmt":"2025-04-13T10:47:36","guid":{"rendered":"https:\/\/myliusvara.lt\/produktas\/frosch-detergent-for-white-fabrics-1500ml\/"},"modified":"2026-02-23T13:26:39","modified_gmt":"2026-02-23T13:26:39","slug":"frosch-power-detergent-lemon-1500ml","status":"publish","type":"product","link":"https:\/\/myliusvara.lt\/en\/ecolabel-en\/frosch-power-detergent-lemon-1500ml\/","title":{"rendered":"Frosch Sp\u0113c\u012bgs mazg\u0101\u0161anas l\u012bdzeklis ar Citronu (baltajiem) 1,5l"},"content":{"rendered":"<p>Ra\u017eot\u0101js: <strong>Frosch<\/strong><br \/>\nProdukta nosaukums: <strong>Frosch mazg\u0101\u0161anas l\u012bdzeklis baltajiem audumiem 1500ml<\/strong><br \/>\nVai pieejams p\u0101rdo\u0161an\u0101: <strong>J\u0101<\/strong><\/p>\n<p>Mazg\u0101\u0161anas l\u012bdzeklis &#8220;Citrus&#8221;<br \/>\nSp\u0113c\u012bgas iedarb\u012bbas mazg\u0101\u0161anas l\u012bdzeklis baltajiem un v\u0101r\u0101majiem audumiem, lai ve\u013ca mirdz\u0113tu t\u012brum\u0101. No\u0146em traipus un pie\u0161\u0137ir svaigu citronu arom\u0101tu.<\/p>\n<p><strong>Lieto\u0161ana<\/strong>: \u0160\u0137irojiet ve\u013cu, piem\u0113ram, p\u0113c temperat\u016bras. Ra\u017eots V\u0101cij\u0101.<\/p>\n","protected":false},"excerpt":{"rendered":"<p>Ra\u017eot\u0101js: Frosch Produkta nosaukums: Frosch mazg\u0101\u0161anas l\u012bdzeklis baltajiem audumiem 1500ml Vai pieejams p\u0101rdo\u0161an\u0101: J\u0101 Mazg\u0101\u0161anas l\u012bdzeklis &#8220;Citrus&#8221; Sp\u0113c\u012bgas iedarb\u012bbas mazg\u0101\u0161anas l\u012bdzeklis baltajiem un v\u0101r\u0101majiem audumiem, lai ve\u013ca mirdz\u0113tu t\u012brum\u0101. No\u0146em traipus un pie\u0161\u0137ir svaigu citronu arom\u0101tu. Lieto\u0161ana: \u0160\u0137irojiet ve\u013cu, piem\u0113ram, p\u0113c temperat\u016bras. Ra\u017eots V\u0101cij\u0101.<\/p>\n","protected":false},"featured_media":3025,"comment_status":"open","ping_status":"closed","template":"","meta":[],"product_brand":[63],"product_cat":[147,144],"product_tag":[],"class_list":{"0":"post-3120","1":"product","2":"type-product","3":"status-publish","4":"has-post-thumbnail","6":"product_brand-frosch","7":"product_cat-ecolabel-en","8":"product_cat-laundry-and-rinsing-products","10":"first","11":"instock","12":"shipping-taxable","13":"purchasable","14":"product-type-simple"},"_links":{"self":[{"href":"https:\/\/myliusvara.lt\/en\/wp-json\/wp\/v2\/product\/3120","targetHints":{"allow":["GET"]}}],"collection":[{"href":"https:\/\/myliusvara.lt\/en\/wp-json\/wp\/v2\/product"}],"about":[{"href":"https:\/\/myliusvara.lt\/en\/wp-json\/wp\/v2\/types\/product"}],"replies":[{"embeddable":true,"href":"https:\/\/myliusvara.lt\/en\/wp-json\/wp\/v2\/comments?post=3120"}],"wp:featuredmedia":[{"embeddable":true,"href":"https:\/\/myliusvara.lt\/en\/wp-json\/wp\/v2\/media\/3025"}],"wp:attachment":[{"href":"https:\/\/myliusvara.lt\/en\/wp-json\/wp\/v2\/media?parent=3120"}],"wp:term":[{"taxonomy":"product_brand","embeddable":true,"href":"https:\/\/myliusvara.lt\/en\/wp-json\/wp\/v2\/product_brand?post=3120"},{"taxonomy":"product_cat","embeddable":true,"href":"https:\/\/myliusvara.lt\/en\/wp-json\/wp\/v2\/product_cat?post=3120"},{"taxonomy":"product_tag","embeddable":true,"href":"https:\/\/myliusvara.lt\/en\/wp-json\/wp\/v2\/product_tag?post=3120"}],"curies":[{"name":"wp","href":"https:\/\/api.w.org\/{rel}","templated":true}]}}